{"id":2563,"date":"2026-01-15T16:23:16","date_gmt":"2026-01-15T16:23:16","guid":{"rendered":"https:\/\/turkmenmobilya.com\/kontakt\/"},"modified":"2026-01-21T15:48:52","modified_gmt":"2026-01-21T15:48:52","slug":"kontakt","status":"publish","type":"page","link":"https:\/\/turkmenmobilya.com\/de\/kontakt\/","title":{"rendered":"Kontakt"},"content":{"rendered":"\t\t<div data-elementor-type=\"wp-page\" data-elementor-id=\"2563\" class=\"elementor elementor-2563 elementor-437\" data-elementor-post-type=\"page\">\n\t\t\t\t<div class=\"elementor-element elementor-element-251294a e-flex e-con-boxed e-con e-parent\" data-id=\"251294a\" data-element_type=\"container\" data-settings=\"{&quot;background_background&quot;:&quot;classic&quot;}\">\n\t\t\t\t\t<div class=\"e-con-inner\">\n\t\t<div class=\"elementor-element elementor-element-a37a955 e-con-full e-flex e-con e-child\" data-id=\"a37a955\" data-element_type=\"container\">\n\t\t<div class=\"elementor-element elementor-element-8d8fb01 e-con-full e-flex e-con e-child\" data-id=\"8d8fb01\" data-element_type=\"container\" data-settings=\"{&quot;background_background&quot;:&quot;classic&quot;}\">\n\t\t<div class=\"elementor-element elementor-element-f85a81a e-con-full e-flex e-con e-child\" data-id=\"f85a81a\" data-element_type=\"container\" data-settings=\"{&quot;background_background&quot;:&quot;classic&quot;}\">\n\t\t\t\t<div class=\"elementor-element elementor-element-bd87019 elementor-widget__width-auto elementor-view-default elementor-widget elementor-widget-icon\" data-id=\"bd87019\" data-element_type=\"widget\" data-widget_type=\"icon.default\">\n\t\t\t\t\t\t\t<div class=\"elementor-icon-wrapper\">\n\t\t\t<div class=\"elementor-icon\">\n\t\t\t<svg xmlns=\"http:\/\/www.w3.org\/2000\/svg\" width=\"26\" height=\"24\" viewBox=\"0 0 26 24\" fill=\"none\"><path d=\"M21.2689 0H4.12883C3.20872 0 2.45488 0.73065 2.42614 1.65032L2.33415 4.5939C1.84934 4.61183 1.38938 4.76985 1.05811 4.96861C0.348307 5.39449 -0.361493 5.96234 0.206348 9.36939C0.77419 12.7764 1.34205 15.0478 3.04557 16.8933C3.77075 17.678 4.85459 18.1709 6.01092 18.1709H19.3868C20.5431 18.1709 21.627 17.678 22.3522 16.8933C24.0557 15.0478 24.5591 12.7764 25.127 9.36939C25.6948 5.96234 24.985 5.39449 24.2752 4.96861C23.9587 4.77869 23.5246 4.62596 23.0637 4.59711L22.9716 1.65032C22.9428 0.73065 22.189 0 21.2689 0Z\" fill=\"#5A365F\" fill-opacity=\"0.64\"><\/path><path d=\"M21.2688 0H4.12878C3.20866 0 2.45482 0.73065 2.42608 1.65032L2.33374 4.60533C3.13883 4.39519 4.89097 5.22414 5.45881 10.2211L6.73645 9.36938H18.6611L19.9388 10.2211C20.0347 8.22812 20.7941 4.31471 23.0639 4.60533L22.9715 1.65032C22.9428 0.73065 22.1889 0 21.2688 0Z\" fill=\"#5A365F\"><\/path><path d=\"M19.8491 0H5.54827C4.62816 0 3.87432 0.73065 3.84558 1.65032L3.89715 5.11057C4.74891 5.96234 5.03284 7.80782 5.4587 10.2211L6.73635 9.36938H18.661L19.9387 10.2211C20.0806 7.94978 20.7904 5.67841 21.5002 5.11057L21.5518 1.65032C21.5231 0.73065 20.7692 0 19.8491 0Z\" fill=\"#5A365F\" fill-opacity=\"0.56\"><\/path><path d=\"M18.6611 9.36938H6.73645L4.46509 10.9309H20.9325L18.6611 9.36938Z\" fill=\"#5A365F\"><\/path><rect x=\"3.89734\" y=\"10.789\" width=\"17.6031\" height=\"3.97489\" rx=\"1.98745\" fill=\"white\" fill-opacity=\"0.7\"><\/rect><path d=\"M20.9325 23.8493L20.0807 18.1709H18.2352L19.9388 23.8493H20.9325Z\" fill=\"#CA956F\"><\/path><path d=\"M5.03296 23.8493L5.88472 18.1709H7.73021L6.02668 23.8493H5.03296Z\" fill=\"#CA956F\"><\/path><\/svg>\t\t\t<\/div>\n\t\t<\/div>\n\t\t\t\t\t\t<\/div>\n\t\t\t\t<\/div>\n\t\t\t\t<div class=\"elementor-element elementor-element-0f0dc49 elementor-widget elementor-widget-heading\" data-id=\"0f0dc49\" data-element_type=\"widget\" data-widget_type=\"heading.default\">\n\t\t\t\t\t<h2 class=\"elementor-heading-title elementor-size-default\">Kontaktieren Sie uns<\/h2>\t\t\t\t<\/div>\n\t\t\t\t<\/div>\n\t\t\t\t<div class=\"elementor-element elementor-element-e08318a elementor-widget__width-inherit animated-slow elementor-invisible elementor-widget elementor-widget-heading\" data-id=\"e08318a\" data-element_type=\"widget\" data-settings=\"{&quot;_animation&quot;:&quot;fadeInDown&quot;}\" data-widget_type=\"heading.default\">\n\t\t\t\t\t<h2 class=\"elementor-heading-title elementor-size-default\">Kontaktieren Sie uns<\/h2>\t\t\t\t<\/div>\n\t\t\t\t<div class=\"elementor-element elementor-element-1d4899e elementor-widget__width-initial elementor-widget-mobile__width-inherit elementor-invisible elementor-widget elementor-widget-heading\" data-id=\"1d4899e\" data-element_type=\"widget\" data-settings=\"{&quot;_animation&quot;:&quot;fadeInUp&quot;}\" data-widget_type=\"heading.default\">\n\t\t\t\t\t<p class=\"elementor-heading-title elementor-size-default\">Entdecken Sie, wie wir traditionelle Handwerkstechniken mit modernster Fertigungstechnik kombinieren, um M\u00f6bel von einzigartiger Qualit\u00e4t herzustellen.<\/p>\t\t\t\t<\/div>\n\t\t\t\t<\/div>\n\t\t\t\t\t<\/div>\n\t\t\t\t<\/div>\n\t\t<div class=\"elementor-element elementor-element-393d5f2 e-flex e-con-boxed e-con e-parent\" data-id=\"393d5f2\" data-element_type=\"container\">\n\t\t\t\t\t<div class=\"e-con-inner\">\n\t\t<div class=\"elementor-element elementor-element-9d7861e e-con-full e-flex e-con e-child\" data-id=\"9d7861e\" data-element_type=\"container\">\n\t\t<div class=\"elementor-element elementor-element-70b2fca e-con-full e-flex e-con e-child\" data-id=\"70b2fca\" data-element_type=\"container\">\n\t\t<div class=\"elementor-element elementor-element-8914bc8 e-con-full e-flex e-con e-child\" data-id=\"8914bc8\" data-element_type=\"container\">\n\t\t\t\t<div class=\"elementor-element elementor-element-68ff7ad elementor-widget__width-auto elementor-view-default elementor-widget elementor-widget-icon\" data-id=\"68ff7ad\" data-element_type=\"widget\" data-widget_type=\"icon.default\">\n\t\t\t\t\t\t\t<div class=\"elementor-icon-wrapper\">\n\t\t\t<div class=\"elementor-icon\">\n\t\t\t<svg aria-hidden=\"true\" class=\"e-font-icon-svg e-fas-map-marker-alt\" viewBox=\"0 0 384 512\" xmlns=\"http:\/\/www.w3.org\/2000\/svg\"><path d=\"M172.268 501.67C26.97 291.031 0 269.413 0 192 0 85.961 85.961 0 192 0s192 85.961 192 192c0 77.413-26.97 99.031-172.268 309.67-9.535 13.774-29.93 13.773-39.464 0zM192 272c44.183 0 80-35.817 80-80s-35.817-80-80-80-80 35.817-80 80 35.817 80 80 80z\"><\/path><\/svg>\t\t\t<\/div>\n\t\t<\/div>\n\t\t\t\t\t\t<\/div>\n\t\t<div class=\"elementor-element elementor-element-ddeb907 e-con-full e-flex e-con e-child\" data-id=\"ddeb907\" data-element_type=\"container\">\n\t\t\t\t<div class=\"elementor-element elementor-element-76209f8 elementor-widget elementor-widget-heading\" data-id=\"76209f8\" data-element_type=\"widget\" data-widget_type=\"heading.default\">\n\t\t\t\t\t<h2 class=\"elementor-heading-title elementor-size-default\">ZENTRUM \u2013 SITZM\u00d6BELFABRIK<\/h2>\t\t\t\t<\/div>\n\t\t\t\t<div class=\"elementor-element elementor-element-30f6c13 elementor-widget__width-initial elementor-widget-mobile__width-inherit elementor-widget elementor-widget-heading\" data-id=\"30f6c13\" data-element_type=\"widget\" data-widget_type=\"heading.default\">\n\t\t\t\t\t<h2 class=\"elementor-heading-title elementor-size-default\">T\u00fcrkmen Mobilya<br>Veyse Karani Mh.K\u00f6\u015fk Cd.Lale Sk.<br>No.9 Osmangazi \/ Bursa - T\u00fcrkye<\/h2>\t\t\t\t<\/div>\n\t\t\t\t<div class=\"elementor-element elementor-element-3c66bc9 elementor-widget__width-initial elementor-widget elementor-widget-heading\" data-id=\"3c66bc9\" data-element_type=\"widget\" data-widget_type=\"heading.default\">\n\t\t\t\t\t<h2 class=\"elementor-heading-title elementor-size-default\">OSMANGAZ\u0130 BURSA <\/h2>\t\t\t\t<\/div>\n\t\t\t\t<\/div>\n\t\t\t\t<\/div>\n\t\t<div class=\"elementor-element elementor-element-7efc2f7 e-con-full e-flex e-con e-child\" data-id=\"7efc2f7\" data-element_type=\"container\">\n\t\t\t\t<div class=\"elementor-element elementor-element-d469f6e elementor-widget__width-auto elementor-view-default elementor-widget elementor-widget-icon\" data-id=\"d469f6e\" data-element_type=\"widget\" data-widget_type=\"icon.default\">\n\t\t\t\t\t\t\t<div class=\"elementor-icon-wrapper\">\n\t\t\t<div class=\"elementor-icon\">\n\t\t\t<svg aria-hidden=\"true\" class=\"e-font-icon-svg e-fas-map-marker-alt\" viewBox=\"0 0 384 512\" xmlns=\"http:\/\/www.w3.org\/2000\/svg\"><path d=\"M172.268 501.67C26.97 291.031 0 269.413 0 192 0 85.961 85.961 0 192 0s192 85.961 192 192c0 77.413-26.97 99.031-172.268 309.67-9.535 13.774-29.93 13.773-39.464 0zM192 272c44.183 0 80-35.817 80-80s-35.817-80-80-80-80 35.817-80 80 35.817 80 80 80z\"><\/path><\/svg>\t\t\t<\/div>\n\t\t<\/div>\n\t\t\t\t\t\t<\/div>\n\t\t<div class=\"elementor-element elementor-element-e70dee9 e-con-full e-flex e-con e-child\" data-id=\"e70dee9\" data-element_type=\"container\">\n\t\t\t\t<div class=\"elementor-element elementor-element-3febaa1 elementor-widget elementor-widget-heading\" data-id=\"3febaa1\" data-element_type=\"widget\" data-widget_type=\"heading.default\">\n\t\t\t\t\t<h2 class=\"elementor-heading-title elementor-size-default\">\u0130NEG\u00d6L BETTENFABRIK<\/h2>\t\t\t\t<\/div>\n\t\t\t\t<div class=\"elementor-element elementor-element-1793ab9 elementor-widget__width-initial elementor-widget-mobile__width-inherit elementor-widget elementor-widget-heading\" data-id=\"1793ab9\" data-element_type=\"widget\" data-widget_type=\"heading.default\">\n\t\t\t\t\t<h2 class=\"elementor-heading-title elementor-size-default\">HAMZABEY OSB MAH. 1. CAD. NO:7 \u0130\u00c7 KAPI NO : 1<\/h2>\t\t\t\t<\/div>\n\t\t\t\t<div class=\"elementor-element elementor-element-47a3c87 elementor-widget__width-initial elementor-widget elementor-widget-heading\" data-id=\"47a3c87\" data-element_type=\"widget\" data-widget_type=\"heading.default\">\n\t\t\t\t\t<h2 class=\"elementor-heading-title elementor-size-default\">\u0130NEG\u00d6L BURSA <\/h2>\t\t\t\t<\/div>\n\t\t\t\t<\/div>\n\t\t\t\t<\/div>\n\t\t<div class=\"elementor-element elementor-element-8276124 e-con-full e-flex e-con e-child\" data-id=\"8276124\" data-element_type=\"container\">\n\t\t\t\t<div class=\"elementor-element elementor-element-42b76d5 elementor-widget__width-auto elementor-view-default elementor-widget elementor-widget-icon\" data-id=\"42b76d5\" data-element_type=\"widget\" data-widget_type=\"icon.default\">\n\t\t\t\t\t\t\t<div class=\"elementor-icon-wrapper\">\n\t\t\t<div class=\"elementor-icon\">\n\t\t\t<svg aria-hidden=\"true\" class=\"e-font-icon-svg e-fas-map-marker-alt\" viewBox=\"0 0 384 512\" xmlns=\"http:\/\/www.w3.org\/2000\/svg\"><path d=\"M172.268 501.67C26.97 291.031 0 269.413 0 192 0 85.961 85.961 0 192 0s192 85.961 192 192c0 77.413-26.97 99.031-172.268 309.67-9.535 13.774-29.93 13.773-39.464 0zM192 272c44.183 0 80-35.817 80-80s-35.817-80-80-80-80 35.817-80 80 35.817 80 80 80z\"><\/path><\/svg>\t\t\t<\/div>\n\t\t<\/div>\n\t\t\t\t\t\t<\/div>\n\t\t<div class=\"elementor-element elementor-element-c582840 e-con-full e-flex e-con e-child\" data-id=\"c582840\" data-element_type=\"container\">\n\t\t\t\t<div class=\"elementor-element elementor-element-a93df65 elementor-widget elementor-widget-heading\" data-id=\"a93df65\" data-element_type=\"widget\" data-widget_type=\"heading.default\">\n\t\t\t\t\t<h2 class=\"elementor-heading-title elementor-size-default\">REGIONALDIREKTION ANATOLIEN<\/h2>\t\t\t\t<\/div>\n\t\t\t\t<div class=\"elementor-element elementor-element-92c3b5f elementor-widget__width-initial elementor-widget-mobile__width-inherit elementor-widget elementor-widget-heading\" data-id=\"92c3b5f\" data-element_type=\"widget\" data-widget_type=\"heading.default\">\n\t\t\t\t\t<h2 class=\"elementor-heading-title elementor-size-default\">CUMHUR\u0130YET MAH. \u015eENBA\u011eLAR SOK. NO:10 YAKACIK<br>Veyse Karani Mh.K\u00f6\u015fk Cd.Lale Sk.<\/h2>\t\t\t\t<\/div>\n\t\t\t\t<div class=\"elementor-element elementor-element-655543b elementor-widget__width-initial elementor-widget elementor-widget-heading\" data-id=\"655543b\" data-element_type=\"widget\" data-widget_type=\"heading.default\">\n\t\t\t\t\t<h2 class=\"elementor-heading-title elementor-size-default\">KARTAL \/ \u0130STANBUL <\/h2>\t\t\t\t<\/div>\n\t\t\t\t<\/div>\n\t\t\t\t<\/div>\n\t\t<div class=\"elementor-element elementor-element-fa81187 e-con-full e-flex e-con e-child\" data-id=\"fa81187\" data-element_type=\"container\">\n\t\t\t\t<div class=\"elementor-element elementor-element-c81b6d9 elementor-widget__width-auto elementor-view-default elementor-widget elementor-widget-icon\" data-id=\"c81b6d9\" data-element_type=\"widget\" data-widget_type=\"icon.default\">\n\t\t\t\t\t\t\t<div class=\"elementor-icon-wrapper\">\n\t\t\t<div class=\"elementor-icon\">\n\t\t\t<svg aria-hidden=\"true\" class=\"e-font-icon-svg e-fas-map-marker-alt\" viewBox=\"0 0 384 512\" xmlns=\"http:\/\/www.w3.org\/2000\/svg\"><path d=\"M172.268 501.67C26.97 291.031 0 269.413 0 192 0 85.961 85.961 0 192 0s192 85.961 192 192c0 77.413-26.97 99.031-172.268 309.67-9.535 13.774-29.93 13.773-39.464 0zM192 272c44.183 0 80-35.817 80-80s-35.817-80-80-80-80 35.817-80 80 35.817 80 80 80z\"><\/path><\/svg>\t\t\t<\/div>\n\t\t<\/div>\n\t\t\t\t\t\t<\/div>\n\t\t<div class=\"elementor-element elementor-element-664416a e-con-full e-flex e-con e-child\" data-id=\"664416a\" data-element_type=\"container\">\n\t\t\t\t<div class=\"elementor-element elementor-element-319f3f3 elementor-widget elementor-widget-heading\" data-id=\"319f3f3\" data-element_type=\"widget\" data-widget_type=\"heading.default\">\n\t\t\t\t\t<h2 class=\"elementor-heading-title elementor-size-default\">REGIONALDIREKTION EUROPA-SEITE<\/h2>\t\t\t\t<\/div>\n\t\t\t\t<div class=\"elementor-element elementor-element-e717916 elementor-widget__width-initial elementor-widget-mobile__width-inherit elementor-widget elementor-widget-heading\" data-id=\"e717916\" data-element_type=\"widget\" data-widget_type=\"heading.default\">\n\t\t\t\t\t<h2 class=\"elementor-heading-title elementor-size-default\">KARTALTEPE MAHALLES\u0130, TEZCAN SK. NO: 1 A \u0130\u00c7<\/h2>\t\t\t\t<\/div>\n\t\t\t\t<div class=\"elementor-element elementor-element-3107bfc elementor-widget__width-initial elementor-widget-mobile__width-inherit elementor-widget elementor-widget-heading\" data-id=\"3107bfc\" data-element_type=\"widget\" data-widget_type=\"heading.default\">\n\t\t\t\t\t<h2 class=\"elementor-heading-title elementor-size-default\">KAPI NO: K\u00dc\u00c7\u00dcK\u00c7EKMECE\/\u0130STANBUL<\/h2>\t\t\t\t<\/div>\n\t\t\t\t<\/div>\n\t\t\t\t<\/div>\n\t\t<div class=\"elementor-element elementor-element-226afd7 e-con-full e-flex e-con e-child\" data-id=\"226afd7\" data-element_type=\"container\">\n\t\t\t\t<div class=\"elementor-element elementor-element-486d4f7 elementor-widget__width-auto elementor-view-default elementor-widget elementor-widget-icon\" data-id=\"486d4f7\" data-element_type=\"widget\" data-widget_type=\"icon.default\">\n\t\t\t\t\t\t\t<div class=\"elementor-icon-wrapper\">\n\t\t\t<div class=\"elementor-icon\">\n\t\t\t<svg aria-hidden=\"true\" class=\"e-font-icon-svg e-fas-envelope\" viewBox=\"0 0 512 512\" xmlns=\"http:\/\/www.w3.org\/2000\/svg\"><path d=\"M502.3 190.8c3.9-3.1 9.7-.2 9.7 4.7V400c0 26.5-21.5 48-48 48H48c-26.5 0-48-21.5-48-48V195.6c0-5 5.7-7.8 9.7-4.7 22.4 17.4 52.1 39.5 154.1 113.6 21.1 15.4 56.7 47.8 92.2 47.6 35.7.3 72-32.8 92.3-47.6 102-74.1 131.6-96.3 154-113.7zM256 320c23.2.4 56.6-29.2 73.4-41.4 132.7-96.3 142.8-104.7 173.4-128.7 5.8-4.5 9.2-11.5 9.2-18.9v-19c0-26.5-21.5-48-48-48H48C21.5 64 0 85.5 0 112v19c0 7.4 3.4 14.3 9.2 18.9 30.6 23.9 40.7 32.4 173.4 128.7 16.8 12.2 50.2 41.8 73.4 41.4z\"><\/path><\/svg>\t\t\t<\/div>\n\t\t<\/div>\n\t\t\t\t\t\t<\/div>\n\t\t<div class=\"elementor-element elementor-element-7ea5342 e-con-full e-flex e-con e-child\" data-id=\"7ea5342\" data-element_type=\"container\">\n\t\t\t\t<div class=\"elementor-element elementor-element-0ebd6e7 elementor-widget elementor-widget-heading\" data-id=\"0ebd6e7\" data-element_type=\"widget\" data-widget_type=\"heading.default\">\n\t\t\t\t\t<h2 class=\"elementor-heading-title elementor-size-default\">Email<\/h2>\t\t\t\t<\/div>\n\t\t\t\t<div class=\"elementor-element elementor-element-ce79e77 elementor-widget elementor-widget-heading\" data-id=\"ce79e77\" data-element_type=\"widget\" data-widget_type=\"heading.default\">\n\t\t\t\t\t<h2 class=\"elementor-heading-title elementor-size-default\">info@turkenmobilya.com<\/h2>\t\t\t\t<\/div>\n\t\t\t\t<\/div>\n\t\t\t\t<\/div>\n\t\t<div class=\"elementor-element elementor-element-ec03973 e-con-full e-flex e-con e-child\" data-id=\"ec03973\" data-element_type=\"container\">\n\t\t\t\t<div class=\"elementor-element elementor-element-729b25e elementor-widget__width-auto elementor-view-default elementor-widget elementor-widget-icon\" data-id=\"729b25e\" data-element_type=\"widget\" data-widget_type=\"icon.default\">\n\t\t\t\t\t\t\t<div class=\"elementor-icon-wrapper\">\n\t\t\t<div class=\"elementor-icon\">\n\t\t\t<svg aria-hidden=\"true\" class=\"e-font-icon-svg e-fas-phone-alt\" viewBox=\"0 0 512 512\" xmlns=\"http:\/\/www.w3.org\/2000\/svg\"><path d=\"M497.39 361.8l-112-48a24 24 0 0 0-28 6.9l-49.6 60.6A370.66 370.66 0 0 1 130.6 204.11l60.6-49.6a23.94 23.94 0 0 0 6.9-28l-48-112A24.16 24.16 0 0 0 122.6.61l-104 24A24 24 0 0 0 0 48c0 256.5 207.9 464 464 464a24 24 0 0 0 23.4-18.6l24-104a24.29 24.29 0 0 0-14.01-27.6z\"><\/path><\/svg>\t\t\t<\/div>\n\t\t<\/div>\n\t\t\t\t\t\t<\/div>\n\t\t<div class=\"elementor-element elementor-element-83a1ae3 e-con-full e-flex e-con e-child\" data-id=\"83a1ae3\" data-element_type=\"container\">\n\t\t\t\t<div class=\"elementor-element elementor-element-ea021c3 elementor-widget elementor-widget-heading\" data-id=\"ea021c3\" data-element_type=\"widget\" data-widget_type=\"heading.default\">\n\t\t\t\t\t<h2 class=\"elementor-heading-title elementor-size-default\">Call<\/h2>\t\t\t\t<\/div>\n\t\t\t\t<div class=\"elementor-element elementor-element-43fa405 elementor-widget elementor-widget-heading\" data-id=\"43fa405\" data-element_type=\"widget\" data-widget_type=\"heading.default\">\n\t\t\t\t\t<h2 class=\"elementor-heading-title elementor-size-default\">+90 (224) 215 00 00<\/h2>\t\t\t\t<\/div>\n\t\t\t\t<\/div>\n\t\t\t\t<\/div>\n\t\t\t\t<\/div>\n\t\t<div class=\"elementor-element elementor-element-2791daa e-con-full e-flex e-con e-child\" data-id=\"2791daa\" data-element_type=\"container\">\n\t\t\t\t<div class=\"elementor-element elementor-element-08e4322 elementor-widget elementor-widget-image\" data-id=\"08e4322\" data-element_type=\"widget\" data-widget_type=\"image.default\">\n\t\t\t\t\t\t\t\t\t\t\t\t\t\t\t<img fetchpriority=\"high\" decoding=\"async\" width=\"377\" height=\"277\" src=\"https:\/\/turkmenmobilya.com\/wp-content\/uploads\/2026\/01\/Group-1000001539.svg\" class=\"attachment-large size-large wp-image-628\" alt=\"\" \/>\t\t\t\t\t\t\t\t\t\t\t\t\t\t\t<\/div>\n\t\t\t\t<\/div>\n\t\t\t\t<\/div>\n\t\t<div class=\"elementor-element elementor-element-7d8763e e-con-full e-flex e-con e-child\" data-id=\"7d8763e\" data-element_type=\"container\">\n\t\t\t\t<div class=\"elementor-element elementor-element-6e67a44 elementor-button-align-stretch elementor-widget elementor-widget-form\" data-id=\"6e67a44\" data-element_type=\"widget\" data-settings=\"{&quot;step_next_label&quot;:&quot;Weiter&quot;,&quot;step_previous_label&quot;:&quot;Zur\\u00fcck&quot;,&quot;button_width&quot;:&quot;100&quot;,&quot;step_type&quot;:&quot;number_text&quot;,&quot;step_icon_shape&quot;:&quot;circle&quot;}\" data-widget_type=\"form.default\">\n\t\t\t\t\t\t\t<form class=\"elementor-form\" method=\"post\" name=\"New Form\" aria-label=\"New Form\">\n\t\t\t<input type=\"hidden\" name=\"post_id\" value=\"2563\"\/>\n\t\t\t<input type=\"hidden\" name=\"form_id\" value=\"6e67a44\"\/>\n\t\t\t<input type=\"hidden\" name=\"referer_title\" value=\"\" \/>\n\n\t\t\t\n\t\t\t<div class=\"elementor-form-fields-wrapper elementor-labels-above\">\n\t\t\t\t\t\t\t\t<div class=\"elementor-field-type-text elementor-field-group elementor-column elementor-field-group-name elementor-col-100\">\n\t\t\t\t\t\t\t\t\t\t\t\t<label for=\"form-field-name\" class=\"elementor-field-label\">\n\t\t\t\t\t\t\t\tIhr Name\t\t\t\t\t\t\t<\/label>\n\t\t\t\t\t\t\t\t\t\t\t\t\t\t<input size=\"1\" type=\"text\" name=\"form_fields[name]\" id=\"form-field-name\" class=\"elementor-field elementor-size-sm  elementor-field-textual\" placeholder=\"Geben Sie Ihren vollst\u00e4ndigen Namen ein\">\n\t\t\t\t\t\t\t\t\t\t\t<\/div>\n\t\t\t\t\t\t\t\t<div class=\"elementor-field-type-email elementor-field-group elementor-column elementor-field-group-email elementor-col-100 elementor-field-required\">\n\t\t\t\t\t\t\t\t\t\t\t\t<label for=\"form-field-email\" class=\"elementor-field-label\">\n\t\t\t\t\t\t\t\tEmail\t\t\t\t\t\t\t<\/label>\n\t\t\t\t\t\t\t\t\t\t\t\t\t\t<input size=\"1\" type=\"email\" name=\"form_fields[email]\" id=\"form-field-email\" class=\"elementor-field elementor-size-sm  elementor-field-textual\" placeholder=\"Email\" required=\"required\">\n\t\t\t\t\t\t\t\t\t\t\t<\/div>\n\t\t\t\t\t\t\t\t<div class=\"elementor-field-type-textarea elementor-field-group elementor-column elementor-field-group-message elementor-col-100\">\n\t\t\t\t\t\t\t\t\t\t\t\t<label for=\"form-field-message\" class=\"elementor-field-label\">\n\t\t\t\t\t\t\t\tIhre Nachricht\t\t\t\t\t\t\t<\/label>\n\t\t\t\t\t\t<textarea class=\"elementor-field-textual elementor-field  elementor-size-sm\" name=\"form_fields[message]\" id=\"form-field-message\" rows=\"4\" placeholder=\"Ihre Nachricht\"><\/textarea>\t\t\t\t<\/div>\n\t\t\t\t\t\t\t\t<div class=\"elementor-field-group elementor-column elementor-field-type-submit elementor-col-100 e-form__buttons\">\n\t\t\t\t\t<button class=\"elementor-button elementor-size-sm\" type=\"submit\">\n\t\t\t\t\t\t<span class=\"elementor-button-content-wrapper\">\n\t\t\t\t\t\t\t\t\t\t\t\t\t\t\t<span class=\"elementor-button-icon\">\n\t\t\t\t\t\t\t\t\t<svg xmlns=\"http:\/\/www.w3.org\/2000\/svg\" width=\"20\" height=\"17\" viewBox=\"0 0 20 17\" fill=\"none\"><path d=\"M12.6205 0C12.7792 3.22696 15.1171 6.09783 18.2989 6.94435C18.8699 7.09609 19.4192 7.15261 20 7.24261L19.9978 9.78261C16.0579 9.95261 12.8027 13.15 12.6205 17H9.99867C10.0769 15.2078 10.6035 13.4174 11.6513 11.943C12.2659 11.0783 13.0378 10.4404 13.8648 9.78261H0V7.21739H13.8648C13.448 6.81957 12.9436 6.51261 12.5321 6.10826C12.2815 5.86217 12.0175 5.53609 11.8033 5.25609C10.6479 3.74348 10.0662 1.88522 9.99867 0H12.6205Z\" fill=\"white\"><\/path><\/svg>\t\t\t\t\t\t\t\t\t\t\t\t\t\t\t\t\t<\/span>\n\t\t\t\t\t\t\t\t\t\t\t\t\t\t\t\t\t\t\t\t\t\t<span class=\"elementor-button-text\">Nachricht senden<\/span>\n\t\t\t\t\t\t\t\t\t\t\t\t\t<\/span>\n\t\t\t\t\t<\/button>\n\t\t\t\t<\/div>\n\t\t\t<\/div>\n\t\t<\/form>\n\t\t\t\t\t\t<\/div>\n\t\t\t\t<\/div>\n\t\t\t\t\t<\/div>\n\t\t\t\t<\/div>\n\t\t\t\t<\/div>\n\t\t","protected":false},"excerpt":{"rendered":"<p>Kontaktieren Sie uns Kontaktieren Sie uns Entdecken Sie, wie wir traditionelle Handwerkstechniken mit modernster Fertigungstechnik kombinieren, um M\u00f6bel von einzigartiger Qualit\u00e4t herzustellen. ZENTRUM \u2013 SITZM\u00d6BELFABRIK T\u00fcrkmen MobilyaVeyse Karani Mh.K\u00f6\u015fk Cd.Lale Sk.No.9 Osmangazi \/ Bursa &#8211; T\u00fcrkye OSMANGAZ\u0130 BURSA \u0130NEG\u00d6L BETTENFABRIK HAMZABEY OSB MAH. 1. CAD. NO:7 \u0130\u00c7 KAPI NO : 1 \u0130NEG\u00d6L BURSA REGIONALDIREKTION ANATOLIEN [&hellip;]<\/p>\n","protected":false},"author":1,"featured_media":0,"parent":0,"menu_order":0,"comment_status":"closed","ping_status":"closed","template":"","meta":{"footnotes":""},"class_list":["post-2563","page","type-page","status-publish","hentry"],"_links":{"self":[{"href":"https:\/\/turkmenmobilya.com\/de\/wp-json\/wp\/v2\/pages\/2563","targetHints":{"allow":["GET"]}}],"collection":[{"href":"https:\/\/turkmenmobilya.com\/de\/wp-json\/wp\/v2\/pages"}],"about":[{"href":"https:\/\/turkmenmobilya.com\/de\/wp-json\/wp\/v2\/types\/page"}],"author":[{"embeddable":true,"href":"https:\/\/turkmenmobilya.com\/de\/wp-json\/wp\/v2\/users\/1"}],"replies":[{"embeddable":true,"href":"https:\/\/turkmenmobilya.com\/de\/wp-json\/wp\/v2\/comments?post=2563"}],"version-history":[{"count":2,"href":"https:\/\/turkmenmobilya.com\/de\/wp-json\/wp\/v2\/pages\/2563\/revisions"}],"predecessor-version":[{"id":10636,"href":"https:\/\/turkmenmobilya.com\/de\/wp-json\/wp\/v2\/pages\/2563\/revisions\/10636"}],"wp:attachment":[{"href":"https:\/\/turkmenmobilya.com\/de\/wp-json\/wp\/v2\/media?parent=2563"}],"curies":[{"name":"wp","href":"https:\/\/api.w.org\/{rel}","templated":true}]}}