{"id":2617,"date":"2026-01-17T09:09:30","date_gmt":"2026-01-17T09:09:30","guid":{"rendered":"https:\/\/turkmenmobilya.com\/schlafzimmer\/"},"modified":"2026-01-21T13:21:46","modified_gmt":"2026-01-21T13:21:46","slug":"schlafzimmer","status":"publish","type":"page","link":"https:\/\/turkmenmobilya.com\/de\/schlafzimmer\/","title":{"rendered":"SCHLAFZIMMER"},"content":{"rendered":"\t\t<div data-elementor-type=\"wp-page\" data-elementor-id=\"2617\" class=\"elementor elementor-2617 elementor-1006\" data-elementor-post-type=\"page\">\n\t\t\t\t<div class=\"elementor-element elementor-element-3e17f36 e-flex e-con-boxed e-con e-parent\" data-id=\"3e17f36\" data-element_type=\"container\">\n\t\t\t\t\t<div class=\"e-con-inner\">\n\t\t<div class=\"elementor-element elementor-element-56dafb3 e-con-full e-flex e-con e-child\" data-id=\"56dafb3\" data-element_type=\"container\">\n\t\t\t\t<div class=\"elementor-element elementor-element-4be1f20 elementor-widget__width-inherit animated-slow elementor-invisible elementor-widget elementor-widget-heading\" data-id=\"4be1f20\" data-element_type=\"widget\" data-settings=\"{&quot;_animation&quot;:&quot;fadeInDown&quot;}\" data-widget_type=\"heading.default\">\n\t\t\t\t\t<h2 class=\"elementor-heading-title elementor-size-default\">SCHLAFZIMMER<\/h2>\t\t\t\t<\/div>\n\t\t\t\t<div class=\"elementor-element elementor-element-068d0da elementor-widget__width-inherit elementor-widget-mobile__width-inherit elementor-widget-tablet__width-initial elementor-invisible elementor-widget elementor-widget-heading\" data-id=\"068d0da\" data-element_type=\"widget\" data-settings=\"{&quot;_animation&quot;:&quot;fadeInUp&quot;}\" data-widget_type=\"heading.default\">\n\t\t\t\t\t<p class=\"elementor-heading-title elementor-size-default\">Moderne und stilvolle Schlafzimmerm\u00f6bel, die Komfort, Funktionalit\u00e4t und \u00c4sthetik vereinen.<\/p>\t\t\t\t<\/div>\n\t\t\t\t<\/div>\n\t\t<div class=\"elementor-element elementor-element-a834adc e-con-full e-flex e-con e-child\" data-id=\"a834adc\" data-element_type=\"container\">\n\t\t\t\t<div class=\"elementor-element elementor-element-327bf82 elementor-widget elementor-widget-image\" data-id=\"327bf82\" data-element_type=\"widget\" data-widget_type=\"image.default\">\n\t\t\t\t\t\t\t\t\t\t\t\t\t\t\t<img fetchpriority=\"high\" decoding=\"async\" width=\"800\" height=\"416\" src=\"https:\/\/turkmenmobilya.com\/wp-content\/uploads\/2026\/01\/bedrooms-1-1024x532.webp\" class=\"attachment-large size-large wp-image-1076\" alt=\"\" srcset=\"https:\/\/turkmenmobilya.com\/wp-content\/uploads\/2026\/01\/bedrooms-1-1024x532.webp 1024w, https:\/\/turkmenmobilya.com\/wp-content\/uploads\/2026\/01\/bedrooms-1-300x156.webp 300w, https:\/\/turkmenmobilya.com\/wp-content\/uploads\/2026\/01\/bedrooms-1-768x399.webp 768w, https:\/\/turkmenmobilya.com\/wp-content\/uploads\/2026\/01\/bedrooms-1-1536x798.webp 1536w, https:\/\/turkmenmobilya.com\/wp-content\/uploads\/2026\/01\/bedrooms-1-2048x1064.webp 2048w\" sizes=\"(max-width: 800px) 100vw, 800px\" \/>\t\t\t\t\t\t\t\t\t\t\t\t\t\t\t<\/div>\n\t\t\t\t<\/div>\n\t\t\t\t\t<\/div>\n\t\t\t\t<\/div>\n\t\t<div class=\"elementor-element elementor-element-fcea81c e-flex e-con-boxed e-con e-parent\" data-id=\"fcea81c\" data-element_type=\"container\">\n\t\t\t\t\t<div class=\"e-con-inner\">\n\t\t<div class=\"elementor-element elementor-element-8c43f68 e-con-full e-grid e-con e-child\" data-id=\"8c43f68\" data-element_type=\"container\">\n\t\t<a class=\"elementor-element elementor-element-3f143ec e-con-full e-transform e-flex e-con e-child\" data-id=\"3f143ec\" data-element_type=\"container\" data-settings=\"{&quot;background_background&quot;:&quot;classic&quot;,&quot;_transform_scale_effect_hover&quot;:{&quot;unit&quot;:&quot;px&quot;,&quot;size&quot;:1.05,&quot;sizes&quot;:[]},&quot;_transform_scale_effect_hover_tablet&quot;:{&quot;unit&quot;:&quot;px&quot;,&quot;size&quot;:&quot;&quot;,&quot;sizes&quot;:[]},&quot;_transform_scale_effect_hover_mobile&quot;:{&quot;unit&quot;:&quot;px&quot;,&quot;size&quot;:&quot;&quot;,&quot;sizes&quot;:[]}}\" href=\"https:\/\/turkmenmobilya.com\/dora-yatak-odasi-bed-rooms\/\">\n\t\t\t\t<div class=\"elementor-element elementor-element-c117227 elementor-widget elementor-widget-heading\" data-id=\"c117227\" data-element_type=\"widget\" data-widget_type=\"heading.default\">\n\t\t\t\t\t<h2 class=\"elementor-heading-title elementor-size-default\">DORA SCHLAFZIMMER<\/h2>\t\t\t\t<\/div>\n\t\t\t\t<div class=\"elementor-element elementor-element-0fbdd1f elementor-widget elementor-widget-image\" data-id=\"0fbdd1f\" data-element_type=\"widget\" data-widget_type=\"image.default\">\n\t\t\t\t\t\t\t\t\t\t\t\t\t\t\t<img decoding=\"async\" width=\"1654\" height=\"1232\" src=\"https:\/\/turkmenmobilya.com\/wp-content\/uploads\/2026\/01\/Screenshot-2026-01-17-at-3.22.00-PM.webp\" class=\"attachment-full size-full wp-image-1052\" alt=\"DORA YATAK ODASI\" srcset=\"https:\/\/turkmenmobilya.com\/wp-content\/uploads\/2026\/01\/Screenshot-2026-01-17-at-3.22.00-PM.webp 1654w, https:\/\/turkmenmobilya.com\/wp-content\/uploads\/2026\/01\/Screenshot-2026-01-17-at-3.22.00-PM-300x223.webp 300w, https:\/\/turkmenmobilya.com\/wp-content\/uploads\/2026\/01\/Screenshot-2026-01-17-at-3.22.00-PM-1024x763.webp 1024w, https:\/\/turkmenmobilya.com\/wp-content\/uploads\/2026\/01\/Screenshot-2026-01-17-at-3.22.00-PM-768x572.webp 768w, https:\/\/turkmenmobilya.com\/wp-content\/uploads\/2026\/01\/Screenshot-2026-01-17-at-3.22.00-PM-1536x1144.webp 1536w\" sizes=\"(max-width: 1654px) 100vw, 1654px\" \/>\t\t\t\t\t\t\t\t\t\t\t\t\t\t\t<\/div>\n\t\t\t\t<\/a>\n\t\t<a class=\"elementor-element elementor-element-3f95a83 e-con-full e-transform e-flex e-con e-child\" data-id=\"3f95a83\" data-element_type=\"container\" data-settings=\"{&quot;background_background&quot;:&quot;classic&quot;,&quot;_transform_scale_effect_hover&quot;:{&quot;unit&quot;:&quot;px&quot;,&quot;size&quot;:1.05,&quot;sizes&quot;:[]},&quot;_transform_scale_effect_hover_tablet&quot;:{&quot;unit&quot;:&quot;px&quot;,&quot;size&quot;:&quot;&quot;,&quot;sizes&quot;:[]},&quot;_transform_scale_effect_hover_mobile&quot;:{&quot;unit&quot;:&quot;px&quot;,&quot;size&quot;:&quot;&quot;,&quot;sizes&quot;:[]}}\" href=\"https:\/\/turkmenmobilya.com\/gucci-yatak-bed-rooms\/\">\n\t\t\t\t<div class=\"elementor-element elementor-element-7d149ef elementor-widget elementor-widget-heading\" data-id=\"7d149ef\" data-element_type=\"widget\" data-widget_type=\"heading.default\">\n\t\t\t\t\t<h2 class=\"elementor-heading-title elementor-size-default\">GUCC\u0130 SCHLAFZIMMER<\/h2>\t\t\t\t<\/div>\n\t\t\t\t<div class=\"elementor-element elementor-element-31e79ee elementor-widget elementor-widget-image\" data-id=\"31e79ee\" data-element_type=\"widget\" data-widget_type=\"image.default\">\n\t\t\t\t\t\t\t\t\t\t\t\t\t\t\t<img decoding=\"async\" width=\"1848\" height=\"1226\" src=\"https:\/\/turkmenmobilya.com\/wp-content\/uploads\/2026\/01\/Screenshot-2026-01-17-at-3.23.00-PM.webp\" class=\"attachment-full size-full wp-image-1058\" alt=\"GUCC\u0130 YATAK\" srcset=\"https:\/\/turkmenmobilya.com\/wp-content\/uploads\/2026\/01\/Screenshot-2026-01-17-at-3.23.00-PM.webp 1848w, https:\/\/turkmenmobilya.com\/wp-content\/uploads\/2026\/01\/Screenshot-2026-01-17-at-3.23.00-PM-300x199.webp 300w, https:\/\/turkmenmobilya.com\/wp-content\/uploads\/2026\/01\/Screenshot-2026-01-17-at-3.23.00-PM-1024x679.webp 1024w, https:\/\/turkmenmobilya.com\/wp-content\/uploads\/2026\/01\/Screenshot-2026-01-17-at-3.23.00-PM-768x510.webp 768w, https:\/\/turkmenmobilya.com\/wp-content\/uploads\/2026\/01\/Screenshot-2026-01-17-at-3.23.00-PM-1536x1019.webp 1536w\" sizes=\"(max-width: 1848px) 100vw, 1848px\" \/>\t\t\t\t\t\t\t\t\t\t\t\t\t\t\t<\/div>\n\t\t\t\t<\/a>\n\t\t<a class=\"elementor-element elementor-element-77d3e27 e-con-full e-transform e-flex e-con e-child\" data-id=\"77d3e27\" data-element_type=\"container\" data-settings=\"{&quot;background_background&quot;:&quot;classic&quot;,&quot;_transform_scale_effect_hover&quot;:{&quot;unit&quot;:&quot;px&quot;,&quot;size&quot;:1.05,&quot;sizes&quot;:[]},&quot;_transform_scale_effect_hover_tablet&quot;:{&quot;unit&quot;:&quot;px&quot;,&quot;size&quot;:&quot;&quot;,&quot;sizes&quot;:[]},&quot;_transform_scale_effect_hover_mobile&quot;:{&quot;unit&quot;:&quot;px&quot;,&quot;size&quot;:&quot;&quot;,&quot;sizes&quot;:[]}}\" href=\"https:\/\/turkmenmobilya.com\/larin-yatak-odasi-bed-rooms\/\">\n\t\t\t\t<div class=\"elementor-element elementor-element-400f349 elementor-widget elementor-widget-heading\" data-id=\"400f349\" data-element_type=\"widget\" data-widget_type=\"heading.default\">\n\t\t\t\t\t<h2 class=\"elementor-heading-title elementor-size-default\">LAR\u0130N SCHLAFZIMMER<\/h2>\t\t\t\t<\/div>\n\t\t\t\t<div class=\"elementor-element elementor-element-f75aa58 elementor-widget elementor-widget-image\" data-id=\"f75aa58\" data-element_type=\"widget\" data-widget_type=\"image.default\">\n\t\t\t\t\t\t\t\t\t\t\t\t\t\t\t<img loading=\"lazy\" decoding=\"async\" width=\"1888\" height=\"1236\" src=\"https:\/\/turkmenmobilya.com\/wp-content\/uploads\/2026\/01\/Screenshot-2026-01-17-at-3.24.00-PM.webp\" class=\"attachment-full size-full wp-image-1067\" alt=\"LAR\u0130N YATAK ODASI\" srcset=\"https:\/\/turkmenmobilya.com\/wp-content\/uploads\/2026\/01\/Screenshot-2026-01-17-at-3.24.00-PM.webp 1888w, https:\/\/turkmenmobilya.com\/wp-content\/uploads\/2026\/01\/Screenshot-2026-01-17-at-3.24.00-PM-300x196.webp 300w, https:\/\/turkmenmobilya.com\/wp-content\/uploads\/2026\/01\/Screenshot-2026-01-17-at-3.24.00-PM-1024x670.webp 1024w, https:\/\/turkmenmobilya.com\/wp-content\/uploads\/2026\/01\/Screenshot-2026-01-17-at-3.24.00-PM-768x503.webp 768w, https:\/\/turkmenmobilya.com\/wp-content\/uploads\/2026\/01\/Screenshot-2026-01-17-at-3.24.00-PM-1536x1006.webp 1536w\" sizes=\"(max-width: 1888px) 100vw, 1888px\" \/>\t\t\t\t\t\t\t\t\t\t\t\t\t\t\t<\/div>\n\t\t\t\t<\/a>\n\t\t\t\t<\/div>\n\t\t\t\t\t<\/div>\n\t\t\t\t<\/div>\n\t\t\t\t<\/div>\n\t\t","protected":false},"excerpt":{"rendered":"<p>SCHLAFZIMMER Moderne und stilvolle Schlafzimmerm\u00f6bel, die Komfort, Funktionalit\u00e4t und \u00c4sthetik vereinen. DORA SCHLAFZIMMER GUCC\u0130 SCHLAFZIMMER LAR\u0130N SCHLAFZIMMER<\/p>\n","protected":false},"author":1,"featured_media":0,"parent":0,"menu_order":0,"comment_status":"closed","ping_status":"closed","template":"","meta":{"footnotes":""},"class_list":["post-2617","page","type-page","status-publish","hentry"],"_links":{"self":[{"href":"https:\/\/turkmenmobilya.com\/de\/wp-json\/wp\/v2\/pages\/2617","targetHints":{"allow":["GET"]}}],"collection":[{"href":"https:\/\/turkmenmobilya.com\/de\/wp-json\/wp\/v2\/pages"}],"about":[{"href":"https:\/\/turkmenmobilya.com\/de\/wp-json\/wp\/v2\/types\/page"}],"author":[{"embeddable":true,"href":"https:\/\/turkmenmobilya.com\/de\/wp-json\/wp\/v2\/users\/1"}],"replies":[{"embeddable":true,"href":"https:\/\/turkmenmobilya.com\/de\/wp-json\/wp\/v2\/comments?post=2617"}],"version-history":[{"count":1,"href":"https:\/\/turkmenmobilya.com\/de\/wp-json\/wp\/v2\/pages\/2617\/revisions"}],"predecessor-version":[{"id":2618,"href":"https:\/\/turkmenmobilya.com\/de\/wp-json\/wp\/v2\/pages\/2617\/revisions\/2618"}],"wp:attachment":[{"href":"https:\/\/turkmenmobilya.com\/de\/wp-json\/wp\/v2\/media?parent=2617"}],"curies":[{"name":"wp","href":"https:\/\/api.w.org\/{rel}","templated":true}]}}