{"id":2605,"date":"2026-01-17T09:11:07","date_gmt":"2026-01-17T09:11:07","guid":{"rendered":"https:\/\/turkmenmobilya.com\/dining-room\/"},"modified":"2026-02-05T08:15:16","modified_gmt":"2026-02-05T08:15:16","slug":"dining-room","status":"publish","type":"page","link":"https:\/\/turkmenmobilya.com\/en\/dining-room\/","title":{"rendered":"Dining Room"},"content":{"rendered":"\t\t<div data-elementor-type=\"wp-page\" data-elementor-id=\"2605\" class=\"elementor elementor-2605 elementor-1010\" data-elementor-post-type=\"page\">\n\t\t\t\t<div class=\"elementor-element elementor-element-3e17f36 e-flex e-con-boxed e-con e-parent\" data-id=\"3e17f36\" data-element_type=\"container\">\n\t\t\t\t\t<div class=\"e-con-inner\">\n\t\t<div class=\"elementor-element elementor-element-56dafb3 e-con-full e-flex e-con e-child\" data-id=\"56dafb3\" data-element_type=\"container\">\n\t\t\t\t<div class=\"elementor-element elementor-element-4be1f20 elementor-widget__width-inherit animated-slow elementor-invisible elementor-widget elementor-widget-heading\" data-id=\"4be1f20\" data-element_type=\"widget\" data-settings=\"{&quot;_animation&quot;:&quot;fadeInDown&quot;}\" data-widget_type=\"heading.default\">\n\t\t\t\t\t<h2 class=\"elementor-heading-title elementor-size-default\">Dining Room<\/h2>\t\t\t\t<\/div>\n\t\t\t\t<div class=\"elementor-element elementor-element-068d0da elementor-widget__width-inherit elementor-widget-mobile__width-inherit elementor-widget-tablet__width-initial elementor-invisible elementor-widget elementor-widget-heading\" data-id=\"068d0da\" data-element_type=\"widget\" data-settings=\"{&quot;_animation&quot;:&quot;fadeInUp&quot;}\" data-widget_type=\"heading.default\">\n\t\t\t\t\t<p class=\"elementor-heading-title elementor-size-default\">Modern and stylish dining room sets that bring together comfort, functionality, and aesthetics.<\/p>\t\t\t\t<\/div>\n\t\t\t\t<\/div>\n\t\t<div class=\"elementor-element elementor-element-a834adc e-con-full e-flex e-con e-child\" data-id=\"a834adc\" data-element_type=\"container\">\n\t\t\t\t<div class=\"elementor-element elementor-element-327bf82 elementor-widget elementor-widget-image\" data-id=\"327bf82\" data-element_type=\"widget\" data-widget_type=\"image.default\">\n\t\t\t\t\t\t\t\t\t\t\t\t\t\t\t<img fetchpriority=\"high\" decoding=\"async\" width=\"800\" height=\"391\" src=\"https:\/\/turkmenmobilya.com\/wp-content\/uploads\/2026\/01\/dining-1024x501.webp\" class=\"attachment-large size-large wp-image-2480\" alt=\"\" srcset=\"https:\/\/turkmenmobilya.com\/wp-content\/uploads\/2026\/01\/dining-1024x501.webp 1024w, https:\/\/turkmenmobilya.com\/wp-content\/uploads\/2026\/01\/dining-300x147.webp 300w, https:\/\/turkmenmobilya.com\/wp-content\/uploads\/2026\/01\/dining-768x376.webp 768w, https:\/\/turkmenmobilya.com\/wp-content\/uploads\/2026\/01\/dining-1536x751.webp 1536w, https:\/\/turkmenmobilya.com\/wp-content\/uploads\/2026\/01\/dining-2048x1002.webp 2048w\" sizes=\"(max-width: 800px) 100vw, 800px\" \/>\t\t\t\t\t\t\t\t\t\t\t\t\t\t\t<\/div>\n\t\t\t\t<\/div>\n\t\t\t\t\t<\/div>\n\t\t\t\t<\/div>\n\t\t<div class=\"elementor-element elementor-element-fcea81c e-flex e-con-boxed e-con e-parent\" data-id=\"fcea81c\" data-element_type=\"container\">\n\t\t\t\t\t<div class=\"e-con-inner\">\n\t\t<div class=\"elementor-element elementor-element-8c43f68 e-con-full e-grid e-con e-child\" data-id=\"8c43f68\" data-element_type=\"container\">\n\t\t<a class=\"elementor-element elementor-element-3f143ec e-con-full e-transform e-flex e-con e-child\" data-id=\"3f143ec\" data-element_type=\"container\" data-settings=\"{&quot;background_background&quot;:&quot;classic&quot;,&quot;_transform_scale_effect_hover&quot;:{&quot;unit&quot;:&quot;px&quot;,&quot;size&quot;:1.05,&quot;sizes&quot;:[]},&quot;_transform_scale_effect_hover_tablet&quot;:{&quot;unit&quot;:&quot;px&quot;,&quot;size&quot;:&quot;&quot;,&quot;sizes&quot;:[]},&quot;_transform_scale_effect_hover_mobile&quot;:{&quot;unit&quot;:&quot;px&quot;,&quot;size&quot;:&quot;&quot;,&quot;sizes&quot;:[]}}\" href=\"https:\/\/turkmenmobilya.com\/en\/cooper-dining-room-dining-room\/\">\n\t\t\t\t<div class=\"elementor-element elementor-element-c117227 elementor-widget elementor-widget-heading\" data-id=\"c117227\" data-element_type=\"widget\" data-widget_type=\"heading.default\">\n\t\t\t\t\t<h2 class=\"elementor-heading-title elementor-size-default\">COOPER DINING ROOM<\/h2>\t\t\t\t<\/div>\n\t\t\t\t<div class=\"elementor-element elementor-element-0fbdd1f elementor-widget elementor-widget-image\" data-id=\"0fbdd1f\" data-element_type=\"widget\" data-widget_type=\"image.default\">\n\t\t\t\t\t\t\t\t\t\t\t\t\t\t\t<img decoding=\"async\" width=\"1758\" height=\"1042\" src=\"https:\/\/turkmenmobilya.com\/wp-content\/uploads\/2026\/01\/Screenshot-2026-01-18-at-1.19.34-PM.webp\" class=\"attachment-full size-full wp-image-2417\" alt=\"COOPER YEMEK ODASI\" srcset=\"https:\/\/turkmenmobilya.com\/wp-content\/uploads\/2026\/01\/Screenshot-2026-01-18-at-1.19.34-PM.webp 1758w, https:\/\/turkmenmobilya.com\/wp-content\/uploads\/2026\/01\/Screenshot-2026-01-18-at-1.19.34-PM-300x178.webp 300w, https:\/\/turkmenmobilya.com\/wp-content\/uploads\/2026\/01\/Screenshot-2026-01-18-at-1.19.34-PM-1024x607.webp 1024w, https:\/\/turkmenmobilya.com\/wp-content\/uploads\/2026\/01\/Screenshot-2026-01-18-at-1.19.34-PM-768x455.webp 768w, https:\/\/turkmenmobilya.com\/wp-content\/uploads\/2026\/01\/Screenshot-2026-01-18-at-1.19.34-PM-1536x910.webp 1536w\" sizes=\"(max-width: 1758px) 100vw, 1758px\" \/>\t\t\t\t\t\t\t\t\t\t\t\t\t\t\t<\/div>\n\t\t\t\t<\/a>\n\t\t<a class=\"elementor-element elementor-element-5cfa57e e-con-full e-transform e-flex e-con e-child\" data-id=\"5cfa57e\" data-element_type=\"container\" data-settings=\"{&quot;background_background&quot;:&quot;classic&quot;,&quot;_transform_scale_effect_hover&quot;:{&quot;unit&quot;:&quot;px&quot;,&quot;size&quot;:1.05,&quot;sizes&quot;:[]},&quot;_transform_scale_effect_hover_tablet&quot;:{&quot;unit&quot;:&quot;px&quot;,&quot;size&quot;:&quot;&quot;,&quot;sizes&quot;:[]},&quot;_transform_scale_effect_hover_mobile&quot;:{&quot;unit&quot;:&quot;px&quot;,&quot;size&quot;:&quot;&quot;,&quot;sizes&quot;:[]}}\" href=\"https:\/\/turkmenmobilya.com\/en\/dora-dining-roomdining-room\/\">\n\t\t\t\t<div class=\"elementor-element elementor-element-9047657 elementor-widget elementor-widget-heading\" data-id=\"9047657\" data-element_type=\"widget\" data-widget_type=\"heading.default\">\n\t\t\t\t\t<h2 class=\"elementor-heading-title elementor-size-default\">DORA DINING ROOM<\/h2>\t\t\t\t<\/div>\n\t\t\t\t<div class=\"elementor-element elementor-element-c953860 elementor-widget elementor-widget-image\" data-id=\"c953860\" data-element_type=\"widget\" data-widget_type=\"image.default\">\n\t\t\t\t\t\t\t\t\t\t\t\t\t\t\t<img decoding=\"async\" width=\"1610\" height=\"1206\" src=\"https:\/\/turkmenmobilya.com\/wp-content\/uploads\/2026\/01\/Screenshot-2026-01-18-at-1.19.50-PM.webp\" class=\"attachment-full size-full wp-image-2420\" alt=\"DORA YEMEK ODASI\" srcset=\"https:\/\/turkmenmobilya.com\/wp-content\/uploads\/2026\/01\/Screenshot-2026-01-18-at-1.19.50-PM.webp 1610w, https:\/\/turkmenmobilya.com\/wp-content\/uploads\/2026\/01\/Screenshot-2026-01-18-at-1.19.50-PM-300x225.webp 300w, https:\/\/turkmenmobilya.com\/wp-content\/uploads\/2026\/01\/Screenshot-2026-01-18-at-1.19.50-PM-1024x767.webp 1024w, https:\/\/turkmenmobilya.com\/wp-content\/uploads\/2026\/01\/Screenshot-2026-01-18-at-1.19.50-PM-768x575.webp 768w, https:\/\/turkmenmobilya.com\/wp-content\/uploads\/2026\/01\/Screenshot-2026-01-18-at-1.19.50-PM-1536x1151.webp 1536w\" sizes=\"(max-width: 1610px) 100vw, 1610px\" \/>\t\t\t\t\t\t\t\t\t\t\t\t\t\t\t<\/div>\n\t\t\t\t<\/a>\n\t\t<a class=\"elementor-element elementor-element-aa43867 e-con-full e-transform e-flex e-con e-child\" data-id=\"aa43867\" data-element_type=\"container\" data-settings=\"{&quot;background_background&quot;:&quot;classic&quot;,&quot;_transform_scale_effect_hover&quot;:{&quot;unit&quot;:&quot;px&quot;,&quot;size&quot;:1.05,&quot;sizes&quot;:[]},&quot;_transform_scale_effect_hover_tablet&quot;:{&quot;unit&quot;:&quot;px&quot;,&quot;size&quot;:&quot;&quot;,&quot;sizes&quot;:[]},&quot;_transform_scale_effect_hover_mobile&quot;:{&quot;unit&quot;:&quot;px&quot;,&quot;size&quot;:&quot;&quot;,&quot;sizes&quot;:[]}}\" href=\"https:\/\/turkmenmobilya.com\/en\/gucci-dining-room-dining-room\/\">\n\t\t\t\t<div class=\"elementor-element elementor-element-0b7621f elementor-widget elementor-widget-heading\" data-id=\"0b7621f\" data-element_type=\"widget\" data-widget_type=\"heading.default\">\n\t\t\t\t\t<h2 class=\"elementor-heading-title elementor-size-default\">GUCC\u0130 DINING ROOM<\/h2>\t\t\t\t<\/div>\n\t\t\t\t<div class=\"elementor-element elementor-element-9c0b627 elementor-widget elementor-widget-image\" data-id=\"9c0b627\" data-element_type=\"widget\" data-widget_type=\"image.default\">\n\t\t\t\t\t\t\t\t\t\t\t\t\t\t\t<img loading=\"lazy\" decoding=\"async\" width=\"1828\" height=\"1212\" src=\"https:\/\/turkmenmobilya.com\/wp-content\/uploads\/2026\/01\/Screenshot-2026-01-18-at-1.20.05-PM-1.webp\" class=\"attachment-full size-full wp-image-2423\" alt=\"GUCC\u0130 YEMEK\" srcset=\"https:\/\/turkmenmobilya.com\/wp-content\/uploads\/2026\/01\/Screenshot-2026-01-18-at-1.20.05-PM-1.webp 1828w, https:\/\/turkmenmobilya.com\/wp-content\/uploads\/2026\/01\/Screenshot-2026-01-18-at-1.20.05-PM-1-300x199.webp 300w, https:\/\/turkmenmobilya.com\/wp-content\/uploads\/2026\/01\/Screenshot-2026-01-18-at-1.20.05-PM-1-1024x679.webp 1024w, https:\/\/turkmenmobilya.com\/wp-content\/uploads\/2026\/01\/Screenshot-2026-01-18-at-1.20.05-PM-1-768x509.webp 768w, https:\/\/turkmenmobilya.com\/wp-content\/uploads\/2026\/01\/Screenshot-2026-01-18-at-1.20.05-PM-1-1536x1018.webp 1536w\" sizes=\"(max-width: 1828px) 100vw, 1828px\" \/>\t\t\t\t\t\t\t\t\t\t\t\t\t\t\t<\/div>\n\t\t\t\t<\/a>\n\t\t<a class=\"elementor-element elementor-element-0cdf17d e-con-full e-transform e-flex e-con e-child\" data-id=\"0cdf17d\" data-element_type=\"container\" data-settings=\"{&quot;background_background&quot;:&quot;classic&quot;,&quot;_transform_scale_effect_hover&quot;:{&quot;unit&quot;:&quot;px&quot;,&quot;size&quot;:1.05,&quot;sizes&quot;:[]},&quot;_transform_scale_effect_hover_tablet&quot;:{&quot;unit&quot;:&quot;px&quot;,&quot;size&quot;:&quot;&quot;,&quot;sizes&quot;:[]},&quot;_transform_scale_effect_hover_mobile&quot;:{&quot;unit&quot;:&quot;px&quot;,&quot;size&quot;:&quot;&quot;,&quot;sizes&quot;:[]}}\" href=\"https:\/\/turkmenmobilya.com\/en\/larin-dining-room-dining-room\/\">\n\t\t\t\t<div class=\"elementor-element elementor-element-d26f554 elementor-widget elementor-widget-heading\" data-id=\"d26f554\" data-element_type=\"widget\" data-widget_type=\"heading.default\">\n\t\t\t\t\t<h2 class=\"elementor-heading-title elementor-size-default\">LAR\u0130N DINING ROOM<\/h2>\t\t\t\t<\/div>\n\t\t\t\t<div class=\"elementor-element elementor-element-dd70c40 elementor-widget elementor-widget-image\" data-id=\"dd70c40\" data-element_type=\"widget\" data-widget_type=\"image.default\">\n\t\t\t\t\t\t\t\t\t\t\t\t\t\t\t<img loading=\"lazy\" decoding=\"async\" width=\"1816\" height=\"1208\" src=\"https:\/\/turkmenmobilya.com\/wp-content\/uploads\/2026\/01\/Screenshot-2026-01-18-at-1.20.48-PM.webp\" class=\"attachment-full size-full wp-image-2426\" alt=\"LAR\u0130N YEMEK ODASI\" srcset=\"https:\/\/turkmenmobilya.com\/wp-content\/uploads\/2026\/01\/Screenshot-2026-01-18-at-1.20.48-PM.webp 1816w, https:\/\/turkmenmobilya.com\/wp-content\/uploads\/2026\/01\/Screenshot-2026-01-18-at-1.20.48-PM-300x200.webp 300w, https:\/\/turkmenmobilya.com\/wp-content\/uploads\/2026\/01\/Screenshot-2026-01-18-at-1.20.48-PM-1024x681.webp 1024w, https:\/\/turkmenmobilya.com\/wp-content\/uploads\/2026\/01\/Screenshot-2026-01-18-at-1.20.48-PM-768x511.webp 768w, https:\/\/turkmenmobilya.com\/wp-content\/uploads\/2026\/01\/Screenshot-2026-01-18-at-1.20.48-PM-1536x1022.webp 1536w\" sizes=\"(max-width: 1816px) 100vw, 1816px\" \/>\t\t\t\t\t\t\t\t\t\t\t\t\t\t\t<\/div>\n\t\t\t\t<\/a>\n\t\t<a class=\"elementor-element elementor-element-e3cc605 e-con-full e-transform e-flex e-con e-child\" data-id=\"e3cc605\" data-element_type=\"container\" data-settings=\"{&quot;background_background&quot;:&quot;classic&quot;,&quot;_transform_scale_effect_hover&quot;:{&quot;unit&quot;:&quot;px&quot;,&quot;size&quot;:1.05,&quot;sizes&quot;:[]},&quot;_transform_scale_effect_hover_tablet&quot;:{&quot;unit&quot;:&quot;px&quot;,&quot;size&quot;:&quot;&quot;,&quot;sizes&quot;:[]},&quot;_transform_scale_effect_hover_mobile&quot;:{&quot;unit&quot;:&quot;px&quot;,&quot;size&quot;:&quot;&quot;,&quot;sizes&quot;:[]}}\" href=\"https:\/\/turkmenmobilya.com\/en\/mocha-dining-room-dining-room\/\">\n\t\t\t\t<div class=\"elementor-element elementor-element-3ff0359 elementor-widget elementor-widget-heading\" data-id=\"3ff0359\" data-element_type=\"widget\" data-widget_type=\"heading.default\">\n\t\t\t\t\t<h2 class=\"elementor-heading-title elementor-size-default\">MOCHA DINING ROOM<\/h2>\t\t\t\t<\/div>\n\t\t\t\t<div class=\"elementor-element elementor-element-895da6a elementor-widget elementor-widget-image\" data-id=\"895da6a\" data-element_type=\"widget\" data-widget_type=\"image.default\">\n\t\t\t\t\t\t\t\t\t\t\t\t\t\t\t<img loading=\"lazy\" decoding=\"async\" width=\"1842\" height=\"1202\" src=\"https:\/\/turkmenmobilya.com\/wp-content\/uploads\/2026\/01\/Screenshot-2026-01-18-at-1.21.03-PM.webp\" class=\"attachment-full size-full wp-image-2429\" alt=\"MOCHA YEMEK ODASI\" srcset=\"https:\/\/turkmenmobilya.com\/wp-content\/uploads\/2026\/01\/Screenshot-2026-01-18-at-1.21.03-PM.webp 1842w, https:\/\/turkmenmobilya.com\/wp-content\/uploads\/2026\/01\/Screenshot-2026-01-18-at-1.21.03-PM-300x196.webp 300w, https:\/\/turkmenmobilya.com\/wp-content\/uploads\/2026\/01\/Screenshot-2026-01-18-at-1.21.03-PM-1024x668.webp 1024w, https:\/\/turkmenmobilya.com\/wp-content\/uploads\/2026\/01\/Screenshot-2026-01-18-at-1.21.03-PM-768x501.webp 768w, https:\/\/turkmenmobilya.com\/wp-content\/uploads\/2026\/01\/Screenshot-2026-01-18-at-1.21.03-PM-1536x1002.webp 1536w\" sizes=\"(max-width: 1842px) 100vw, 1842px\" \/>\t\t\t\t\t\t\t\t\t\t\t\t\t\t\t<\/div>\n\t\t\t\t<\/a>\n\t\t<a class=\"elementor-element elementor-element-347b325 e-con-full e-transform e-flex e-con e-child\" data-id=\"347b325\" data-element_type=\"container\" data-settings=\"{&quot;background_background&quot;:&quot;classic&quot;,&quot;_transform_scale_effect_hover&quot;:{&quot;unit&quot;:&quot;px&quot;,&quot;size&quot;:1.05,&quot;sizes&quot;:[]},&quot;_transform_scale_effect_hover_tablet&quot;:{&quot;unit&quot;:&quot;px&quot;,&quot;size&quot;:&quot;&quot;,&quot;sizes&quot;:[]},&quot;_transform_scale_effect_hover_mobile&quot;:{&quot;unit&quot;:&quot;px&quot;,&quot;size&quot;:&quot;&quot;,&quot;sizes&quot;:[]}}\" href=\"https:\/\/turkmenmobilya.com\/en\/sandy-dining-room-dining-room\/\">\n\t\t\t\t<div class=\"elementor-element elementor-element-6b00e19 elementor-widget elementor-widget-heading\" data-id=\"6b00e19\" data-element_type=\"widget\" data-widget_type=\"heading.default\">\n\t\t\t\t\t<h2 class=\"elementor-heading-title elementor-size-default\">SANDY DINING ROOM<\/h2>\t\t\t\t<\/div>\n\t\t\t\t<div class=\"elementor-element elementor-element-c307613 elementor-widget elementor-widget-image\" data-id=\"c307613\" data-element_type=\"widget\" data-widget_type=\"image.default\">\n\t\t\t\t\t\t\t\t\t\t\t\t\t\t\t<img loading=\"lazy\" decoding=\"async\" width=\"1824\" height=\"1180\" src=\"https:\/\/turkmenmobilya.com\/wp-content\/uploads\/2026\/01\/Screenshot-2026-01-18-at-1.21.22-PM.webp\" class=\"attachment-full size-full wp-image-2432\" alt=\"SANDY YEMEK ODASI\" srcset=\"https:\/\/turkmenmobilya.com\/wp-content\/uploads\/2026\/01\/Screenshot-2026-01-18-at-1.21.22-PM.webp 1824w, https:\/\/turkmenmobilya.com\/wp-content\/uploads\/2026\/01\/Screenshot-2026-01-18-at-1.21.22-PM-300x194.webp 300w, https:\/\/turkmenmobilya.com\/wp-content\/uploads\/2026\/01\/Screenshot-2026-01-18-at-1.21.22-PM-1024x662.webp 1024w, https:\/\/turkmenmobilya.com\/wp-content\/uploads\/2026\/01\/Screenshot-2026-01-18-at-1.21.22-PM-768x497.webp 768w, https:\/\/turkmenmobilya.com\/wp-content\/uploads\/2026\/01\/Screenshot-2026-01-18-at-1.21.22-PM-1536x994.webp 1536w\" sizes=\"(max-width: 1824px) 100vw, 1824px\" \/>\t\t\t\t\t\t\t\t\t\t\t\t\t\t\t<\/div>\n\t\t\t\t<\/a>\n\t\t<a class=\"elementor-element elementor-element-698d371 e-con-full e-transform e-flex e-con e-child\" data-id=\"698d371\" data-element_type=\"container\" data-settings=\"{&quot;background_background&quot;:&quot;classic&quot;,&quot;_transform_scale_effect_hover&quot;:{&quot;unit&quot;:&quot;px&quot;,&quot;size&quot;:1.05,&quot;sizes&quot;:[]},&quot;_transform_scale_effect_hover_tablet&quot;:{&quot;unit&quot;:&quot;px&quot;,&quot;size&quot;:&quot;&quot;,&quot;sizes&quot;:[]},&quot;_transform_scale_effect_hover_mobile&quot;:{&quot;unit&quot;:&quot;px&quot;,&quot;size&quot;:&quot;&quot;,&quot;sizes&quot;:[]}}\" href=\"https:\/\/turkmenmobilya.com\/en\/union-dining-room-dining-room\/\">\n\t\t\t\t<div class=\"elementor-element elementor-element-986827a elementor-widget elementor-widget-heading\" data-id=\"986827a\" data-element_type=\"widget\" data-widget_type=\"heading.default\">\n\t\t\t\t\t<h2 class=\"elementor-heading-title elementor-size-default\">UN\u0130ON DINING ROOM<\/h2>\t\t\t\t<\/div>\n\t\t\t\t<div class=\"elementor-element elementor-element-167c67c elementor-widget elementor-widget-image\" data-id=\"167c67c\" data-element_type=\"widget\" data-widget_type=\"image.default\">\n\t\t\t\t\t\t\t\t\t\t\t\t\t\t\t<img loading=\"lazy\" decoding=\"async\" width=\"1864\" height=\"1216\" src=\"https:\/\/turkmenmobilya.com\/wp-content\/uploads\/2026\/01\/Screenshot-2026-01-18-at-1.21.52-PM.webp\" class=\"attachment-full size-full wp-image-2435\" alt=\"UN\u0130ON YEMEK ODASI\" srcset=\"https:\/\/turkmenmobilya.com\/wp-content\/uploads\/2026\/01\/Screenshot-2026-01-18-at-1.21.52-PM.webp 1864w, https:\/\/turkmenmobilya.com\/wp-content\/uploads\/2026\/01\/Screenshot-2026-01-18-at-1.21.52-PM-300x196.webp 300w, https:\/\/turkmenmobilya.com\/wp-content\/uploads\/2026\/01\/Screenshot-2026-01-18-at-1.21.52-PM-1024x668.webp 1024w, https:\/\/turkmenmobilya.com\/wp-content\/uploads\/2026\/01\/Screenshot-2026-01-18-at-1.21.52-PM-768x501.webp 768w, https:\/\/turkmenmobilya.com\/wp-content\/uploads\/2026\/01\/Screenshot-2026-01-18-at-1.21.52-PM-1536x1002.webp 1536w\" sizes=\"(max-width: 1864px) 100vw, 1864px\" \/>\t\t\t\t\t\t\t\t\t\t\t\t\t\t\t<\/div>\n\t\t\t\t<\/a>\n\t\t<a class=\"elementor-element elementor-element-2fc9825 e-con-full e-transform e-flex e-con e-child\" data-id=\"2fc9825\" data-element_type=\"container\" data-settings=\"{&quot;background_background&quot;:&quot;classic&quot;,&quot;_transform_scale_effect_hover&quot;:{&quot;unit&quot;:&quot;px&quot;,&quot;size&quot;:1.05,&quot;sizes&quot;:[]},&quot;_transform_scale_effect_hover_tablet&quot;:{&quot;unit&quot;:&quot;px&quot;,&quot;size&quot;:&quot;&quot;,&quot;sizes&quot;:[]},&quot;_transform_scale_effect_hover_mobile&quot;:{&quot;unit&quot;:&quot;px&quot;,&quot;size&quot;:&quot;&quot;,&quot;sizes&quot;:[]}}\" href=\"https:\/\/turkmenmobilya.com\/en\/mono-dining-room\/\">\n\t\t\t\t<div class=\"elementor-element elementor-element-759176a elementor-widget elementor-widget-heading\" data-id=\"759176a\" data-element_type=\"widget\" data-widget_type=\"heading.default\">\n\t\t\t\t\t<h2 class=\"elementor-heading-title elementor-size-default\">MONO DINING ROOM<\/h2>\t\t\t\t<\/div>\n\t\t\t\t<div class=\"elementor-element elementor-element-60643e7 elementor-widget elementor-widget-image\" data-id=\"60643e7\" data-element_type=\"widget\" data-widget_type=\"image.default\">\n\t\t\t\t\t\t\t\t\t\t\t\t\t\t\t<img loading=\"lazy\" decoding=\"async\" width=\"2560\" height=\"1828\" src=\"https:\/\/turkmenmobilya.com\/wp-content\/uploads\/2026\/02\/cnp00711982-SSH.2-5R-scaled.jpg\" class=\"attachment-full size-full wp-image-10860\" alt=\"\" srcset=\"https:\/\/turkmenmobilya.com\/wp-content\/uploads\/2026\/02\/cnp00711982-SSH.2-5R-scaled.jpg 2560w, https:\/\/turkmenmobilya.com\/wp-content\/uploads\/2026\/02\/cnp00711982-SSH.2-5R-300x214.jpg 300w, https:\/\/turkmenmobilya.com\/wp-content\/uploads\/2026\/02\/cnp00711982-SSH.2-5R-1024x731.jpg 1024w, https:\/\/turkmenmobilya.com\/wp-content\/uploads\/2026\/02\/cnp00711982-SSH.2-5R-768x549.jpg 768w, https:\/\/turkmenmobilya.com\/wp-content\/uploads\/2026\/02\/cnp00711982-SSH.2-5R-1536x1097.jpg 1536w, https:\/\/turkmenmobilya.com\/wp-content\/uploads\/2026\/02\/cnp00711982-SSH.2-5R-2048x1463.jpg 2048w\" sizes=\"(max-width: 2560px) 100vw, 2560px\" \/>\t\t\t\t\t\t\t\t\t\t\t\t\t\t\t<\/div>\n\t\t\t\t<\/a>\n\t\t\t\t<\/div>\n\t\t\t\t\t<\/div>\n\t\t\t\t<\/div>\n\t\t\t\t<\/div>\n\t\t","protected":false},"excerpt":{"rendered":"<p>Dining Room Modern and stylish dining room sets that bring together comfort, functionality, and aesthetics. COOPER DINING ROOM DORA DINING ROOM GUCC\u0130 DINING ROOM LAR\u0130N DINING ROOM MOCHA DINING ROOM SANDY DINING ROOM UN\u0130ON DINING ROOM MONO DINING ROOM<\/p>\n","protected":false},"author":1,"featured_media":0,"parent":0,"menu_order":0,"comment_status":"closed","ping_status":"closed","template":"","meta":{"footnotes":""},"class_list":["post-2605","page","type-page","status-publish","hentry"],"_links":{"self":[{"href":"https:\/\/turkmenmobilya.com\/en\/wp-json\/wp\/v2\/pages\/2605","targetHints":{"allow":["GET"]}}],"collection":[{"href":"https:\/\/turkmenmobilya.com\/en\/wp-json\/wp\/v2\/pages"}],"about":[{"href":"https:\/\/turkmenmobilya.com\/en\/wp-json\/wp\/v2\/types\/page"}],"author":[{"embeddable":true,"href":"https:\/\/turkmenmobilya.com\/en\/wp-json\/wp\/v2\/users\/1"}],"replies":[{"embeddable":true,"href":"https:\/\/turkmenmobilya.com\/en\/wp-json\/wp\/v2\/comments?post=2605"}],"version-history":[{"count":5,"href":"https:\/\/turkmenmobilya.com\/en\/wp-json\/wp\/v2\/pages\/2605\/revisions"}],"predecessor-version":[{"id":10885,"href":"https:\/\/turkmenmobilya.com\/en\/wp-json\/wp\/v2\/pages\/2605\/revisions\/10885"}],"wp:attachment":[{"href":"https:\/\/turkmenmobilya.com\/en\/wp-json\/wp\/v2\/media?parent=2605"}],"curies":[{"name":"wp","href":"https:\/\/api.w.org\/{rel}","templated":true}]}}