{"id":9427,"date":"2026-01-17T07:30:20","date_gmt":"2026-01-17T07:30:20","guid":{"rendered":"https:\/\/turkmenmobilya.com\/begonvil-yatak-bed-mattress\/"},"modified":"2026-01-20T19:03:38","modified_gmt":"2026-01-20T19:03:38","slug":"begonvil-yatak-bed-mattress","status":"publish","type":"page","link":"https:\/\/turkmenmobilya.com\/en\/begonvil-yatak-bed-mattress\/","title":{"rendered":"Begonvil Yatak (Bed Mattress)"},"content":{"rendered":"\t\t<div data-elementor-type=\"wp-page\" data-elementor-id=\"9427\" class=\"elementor elementor-9427 elementor-806\" data-elementor-post-type=\"page\">\n\t\t\t\t<div class=\"elementor-element elementor-element-f6c0422 e-flex e-con-boxed e-con e-parent\" data-id=\"f6c0422\" data-element_type=\"container\" data-settings=\"{&quot;background_background&quot;:&quot;classic&quot;}\">\n\t\t\t\t\t<div class=\"e-con-inner\">\n\t\t<div class=\"elementor-element elementor-element-5720f90 e-con-full e-flex e-con e-child\" data-id=\"5720f90\" data-element_type=\"container\">\n\t\t\t\t<div class=\"elementor-element elementor-element-7ef803b elementor-widget__width-inherit eael-table-align-center eael-dt-th-align-left elementor-widget elementor-widget-eael-data-table\" data-id=\"7ef803b\" data-element_type=\"widget\" data-widget_type=\"eael-data-table.default\">\n\t\t\t\t\t\t\t<div class=\"eael-data-table-wrap\" data-table_id=\"7ef803b\" id=\"eael-data-table-wrapper-7ef803b\" data-custom_responsive=\"false\">\n\t\t\t<table class=\"tablesorter eael-data-table center\" id=\"eael-data-table-7ef803b\">\n\t\t\t    <thead>\n\t\t\t        <tr class=\"table-header\">\n\t\t\t\t\t\t\t\t\t            <th class=\"\" id=\"\" colspan=\"2\">\n\t\t\t\t\t\t\t\t\t\t\t\t\t\t<span class=\"data-table-header-text\">MOD\u00dcL\/MODULE<\/span><\/th>\n\t\t\t        \t\t\t\t            <th class=\"\" id=\"\" colspan=\"0\">\n\t\t\t\t\t\t\t\t\t\t\t\t\t\t<span class=\"data-table-header-text\">B\/L<\/span><\/th>\n\t\t\t        \t\t\t\t            <th class=\"\" id=\"\" colspan=\"0\">\n\t\t\t\t\t\t\t\t\t\t\t\t\t\t<span class=\"data-table-header-text\">D\/W<\/span><\/th>\n\t\t\t        \t\t\t\t            <th class=\"\" id=\"\" colspan=\"0\">\n\t\t\t\t\t\t\t\t\t\t\t\t\t\t<span class=\"data-table-header-text\">Y\/H<\/span><\/th>\n\t\t\t        \t\t\t\t            <th class=\"\" id=\"\" colspan=\"2\">\n\t\t\t\t\t\t\t\t\t\t\t\t\t\t<span class=\"data-table-header-text\">YTK\/BED<\/span><\/th>\n\t\t\t        \t\t\t\t            <th class=\"\" id=\"\" colspan=\"\">\n\t\t\t\t\t\t\t\t\t\t\t\t\t\t<span class=\"data-table-header-text\">CBM(M3)<\/span><\/th>\n\t\t\t        \t\t\t\t        <\/tr>\n\t\t\t    <\/thead>\n\t\t\t  \t<tbody>\n\t\t\t\t\t\t\t\t\t\t\t<tr>\n\t\t\t\t\t\t\t\t\t\t\t\t\t\t\t\t   \t\t\t\t\t\t\t\t\t\t\t<td colspan=\"2\" rowspan=\"\" class=\"\" id=\"\">\n\t\t\t\t\t\t\t\t\t\t\t\t<div class=\"td-content-wrapper\"><div class=\"td-content\">\n\t\t\t\t\t\t\t\t\t\t\t\t\t\u00dc\u00c7L\u00dc \/ SOFA\t\t\t\t\t\t\t\t\t\t\t\t<\/div><\/div>\n\t\t\t\t\t\t\t\t\t\t\t<\/td>\n\t\t\t\t\t\t\t\t\t\t\t\t\t\t\t\t\t\t\t\t\t\t\t\t\t\t\t\t\t   \t\t\t\t\t\t\t\t\t\t\t<td colspan=\"\" rowspan=\"\" class=\"\" id=\"\">\n\t\t\t\t\t\t\t\t\t\t\t\t<div class=\"td-content-wrapper\"><div class=\"td-content\">\n\t\t\t\t\t\t\t\t\t\t\t\t\t\t\t\t\t\t\t\t\t\t\t\t\t<\/div><\/div>\n\t\t\t\t\t\t\t\t\t\t\t<\/td>\n\t\t\t\t\t\t\t\t\t\t\t\t\t\t\t\t\t\t\t\t\t\t\t\t\t\t\t\t\t   \t\t\t\t\t\t\t\t\t\t\t<td colspan=\"\" rowspan=\"\" class=\"\" id=\"\">\n\t\t\t\t\t\t\t\t\t\t\t\t<div class=\"td-content-wrapper\"><div class=\"td-content\">\n\t\t\t\t\t\t\t\t\t\t\t\t\t\t\t\t\t\t\t\t\t\t\t\t\t<\/div><\/div>\n\t\t\t\t\t\t\t\t\t\t\t<\/td>\n\t\t\t\t\t\t\t\t\t\t\t\t\t\t\t\t\t\t\t\t\t\t\t\t\t\t\t\t\t   \t\t\t\t\t\t\t\t\t\t\t<td colspan=\"\" rowspan=\"\" class=\"\" id=\"\">\n\t\t\t\t\t\t\t\t\t\t\t\t<div class=\"td-content-wrapper\"><div class=\"td-content\">\n\t\t\t\t\t\t\t\t\t\t\t\t\t\t\t\t\t\t\t\t\t\t\t\t\t<\/div><\/div>\n\t\t\t\t\t\t\t\t\t\t\t<\/td>\n\t\t\t\t\t\t\t\t\t\t\t\t\t\t\t\t\t\t\t\t\t\t\t\t\t\t\t\t\t   \t\t\t\t\t\t\t\t\t\t\t<td colspan=\"\" rowspan=\"\" class=\"\" id=\"\">\n\t\t\t\t\t\t\t\t\t\t\t\t<div class=\"td-content-wrapper\"><div class=\"td-content\">\n\t\t\t\t\t\t\t\t\t\t\t\t\t\t\t\t\t\t\t\t\t\t\t\t\t<\/div><\/div>\n\t\t\t\t\t\t\t\t\t\t\t<\/td>\n\t\t\t\t\t\t\t\t\t\t\t\t\t\t\t\t\t\t\t\t\t\t\t\t\t\t<\/tr>\n\t\t\t        \t\t\t\t\t\t<tr>\n\t\t\t\t\t\t\t\t\t\t\t\t\t\t\t\t   \t\t\t\t\t\t\t\t\t\t\t<td colspan=\"2\" rowspan=\"\" class=\"\" id=\"\">\n\t\t\t\t\t\t\t\t\t\t\t\t<div class=\"td-content-wrapper\"><div class=\"td-content\">\n\t\t\t\t\t\t\t\t\t\t\t\t\t\u0130K\u0130L\u0130\/LOVESEAT\t\t\t\t\t\t\t\t\t\t\t\t<\/div><\/div>\n\t\t\t\t\t\t\t\t\t\t\t<\/td>\n\t\t\t\t\t\t\t\t\t\t\t\t\t\t\t\t\t\t\t\t\t\t\t\t\t\t\t\t\t   \t\t\t\t\t\t\t\t\t\t\t<td colspan=\"\" rowspan=\"\" class=\"\" id=\"\">\n\t\t\t\t\t\t\t\t\t\t\t\t<div class=\"td-content-wrapper\"><div class=\"td-content\">\n\t\t\t\t\t\t\t\t\t\t\t\t\t\t\t\t\t\t\t\t\t\t\t\t\t<\/div><\/div>\n\t\t\t\t\t\t\t\t\t\t\t<\/td>\n\t\t\t\t\t\t\t\t\t\t\t\t\t\t\t\t\t\t\t\t\t\t\t\t\t\t\t\t\t   \t\t\t\t\t\t\t\t\t\t\t<td colspan=\"\" rowspan=\"\" class=\"\" id=\"\">\n\t\t\t\t\t\t\t\t\t\t\t\t<div class=\"td-content-wrapper\"><div class=\"td-content\">\n\t\t\t\t\t\t\t\t\t\t\t\t\t\t\t\t\t\t\t\t\t\t\t\t\t<\/div><\/div>\n\t\t\t\t\t\t\t\t\t\t\t<\/td>\n\t\t\t\t\t\t\t\t\t\t\t\t\t\t\t\t\t\t\t\t\t\t\t\t\t\t\t\t\t   \t\t\t\t\t\t\t\t\t\t\t<td colspan=\"\" rowspan=\"\" class=\"\" id=\"\">\n\t\t\t\t\t\t\t\t\t\t\t\t<div class=\"td-content-wrapper\"><div class=\"td-content\">\n\t\t\t\t\t\t\t\t\t\t\t\t\t\t\t\t\t\t\t\t\t\t\t\t\t<\/div><\/div>\n\t\t\t\t\t\t\t\t\t\t\t<\/td>\n\t\t\t\t\t\t\t\t\t\t\t\t\t\t\t\t\t\t\t\t\t\t\t\t\t\t\t\t\t   \t\t\t\t\t\t\t\t\t\t\t<td colspan=\"\" rowspan=\"\" class=\"\" id=\"\">\n\t\t\t\t\t\t\t\t\t\t\t\t<div class=\"td-content-wrapper\"><div class=\"td-content\">\n\t\t\t\t\t\t\t\t\t\t\t\t\t\t\t\t\t\t\t\t\t\t\t\t\t<\/div><\/div>\n\t\t\t\t\t\t\t\t\t\t\t<\/td>\n\t\t\t\t\t\t\t\t\t\t\t\t\t\t\t\t\t\t\t\t\t\t\t\t\t\t<\/tr>\n\t\t\t        \t\t\t\t\t\t<tr>\n\t\t\t\t\t\t\t\t\t\t\t\t\t\t\t\t   \t\t\t\t\t\t\t\t\t\t\t<td colspan=\"2\" rowspan=\"\" class=\"\" id=\"\">\n\t\t\t\t\t\t\t\t\t\t\t\t<div class=\"td-content-wrapper\"><div class=\"td-content\">\n\t\t\t\t\t\t\t\t\t\t\t\t\tTEKL\u0130\/CHAIR\t\t\t\t\t\t\t\t\t\t\t\t<\/div><\/div>\n\t\t\t\t\t\t\t\t\t\t\t<\/td>\n\t\t\t\t\t\t\t\t\t\t\t\t\t\t\t\t\t\t\t\t\t\t\t\t\t\t\t\t\t   \t\t\t\t\t\t\t\t\t\t\t<td colspan=\"\" rowspan=\"\" class=\"\" id=\"\">\n\t\t\t\t\t\t\t\t\t\t\t\t<div class=\"td-content-wrapper\"><div class=\"td-content\">\n\t\t\t\t\t\t\t\t\t\t\t\t\t\t\t\t\t\t\t\t\t\t\t\t\t<\/div><\/div>\n\t\t\t\t\t\t\t\t\t\t\t<\/td>\n\t\t\t\t\t\t\t\t\t\t\t\t\t\t\t\t\t\t\t\t\t\t\t\t\t\t\t\t\t   \t\t\t\t\t\t\t\t\t\t\t<td colspan=\"\" rowspan=\"\" class=\"\" id=\"\">\n\t\t\t\t\t\t\t\t\t\t\t\t<div class=\"td-content-wrapper\"><div class=\"td-content\">\n\t\t\t\t\t\t\t\t\t\t\t\t\t\t\t\t\t\t\t\t\t\t\t\t\t<\/div><\/div>\n\t\t\t\t\t\t\t\t\t\t\t<\/td>\n\t\t\t\t\t\t\t\t\t\t\t\t\t\t\t\t\t\t\t\t\t\t\t\t\t\t\t\t\t   \t\t\t\t\t\t\t\t\t\t\t<td colspan=\"\" rowspan=\"\" class=\"\" id=\"\">\n\t\t\t\t\t\t\t\t\t\t\t\t<div class=\"td-content-wrapper\"><div class=\"td-content\">\n\t\t\t\t\t\t\t\t\t\t\t\t\t\t\t\t\t\t\t\t\t\t\t\t\t<\/div><\/div>\n\t\t\t\t\t\t\t\t\t\t\t<\/td>\n\t\t\t\t\t\t\t\t\t\t\t\t\t\t\t\t\t\t\t\t\t\t\t\t\t\t\t\t\t   \t\t\t\t\t\t\t\t\t\t\t<td colspan=\"\" rowspan=\"\" class=\"\" id=\"\">\n\t\t\t\t\t\t\t\t\t\t\t\t<div class=\"td-content-wrapper\"><div class=\"td-content\">\n\t\t\t\t\t\t\t\t\t\t\t\t\t\t\t\t\t\t\t\t\t\t\t\t\t<\/div><\/div>\n\t\t\t\t\t\t\t\t\t\t\t<\/td>\n\t\t\t\t\t\t\t\t\t\t\t\t\t\t\t\t\t\t\t\t\t\t\t\t\t\t<\/tr>\n\t\t\t        \t\t\t\t\t\t<tr>\n\t\t\t\t\t\t\t\t\t\t\t\t\t\t\t\t   \t\t\t\t\t\t\t\t\t\t\t<td colspan=\"2\" rowspan=\"\" class=\"\" id=\"\">\n\t\t\t\t\t\t\t\t\t\t\t\t<div class=\"td-content-wrapper\"><div class=\"td-content\">\n\t\t\t\t\t\t\t\t\t\t\t\t\tOPEN WIDE BED\t\t\t\t\t\t\t\t\t\t\t\t<\/div><\/div>\n\t\t\t\t\t\t\t\t\t\t\t<\/td>\n\t\t\t\t\t\t\t\t\t\t\t\t\t\t\t\t\t\t\t\t\t\t\t\t\t\t\t\t\t   \t\t\t\t\t\t\t\t\t\t\t<td colspan=\"\" rowspan=\"\" class=\"\" id=\"\">\n\t\t\t\t\t\t\t\t\t\t\t\t<div class=\"td-content-wrapper\"><div class=\"td-content\">\n\t\t\t\t\t\t\t\t\t\t\t\t\t\t\t\t\t\t\t\t\t\t\t\t\t<\/div><\/div>\n\t\t\t\t\t\t\t\t\t\t\t<\/td>\n\t\t\t\t\t\t\t\t\t\t\t\t\t\t\t\t\t\t\t\t\t\t\t\t\t\t\t\t\t   \t\t\t\t\t\t\t\t\t\t\t<td colspan=\"\" rowspan=\"\" class=\"\" id=\"\">\n\t\t\t\t\t\t\t\t\t\t\t\t<div class=\"td-content-wrapper\"><div class=\"td-content\">\n\t\t\t\t\t\t\t\t\t\t\t\t\t\t\t\t\t\t\t\t\t\t\t\t\t<\/div><\/div>\n\t\t\t\t\t\t\t\t\t\t\t<\/td>\n\t\t\t\t\t\t\t\t\t\t\t\t\t\t\t\t\t\t\t\t\t\t\t\t\t\t\t\t\t   \t\t\t\t\t\t\t\t\t\t\t<td colspan=\"\" rowspan=\"\" class=\"\" id=\"\">\n\t\t\t\t\t\t\t\t\t\t\t\t<div class=\"td-content-wrapper\"><div class=\"td-content\">\n\t\t\t\t\t\t\t\t\t\t\t\t\t\t\t\t\t\t\t\t\t\t\t\t\t<\/div><\/div>\n\t\t\t\t\t\t\t\t\t\t\t<\/td>\n\t\t\t\t\t\t\t\t\t\t\t\t\t\t\t\t\t\t\t\t\t\t\t\t\t\t\t\t\t   \t\t\t\t\t\t\t\t\t\t\t<td colspan=\"\" rowspan=\"\" class=\"\" id=\"\">\n\t\t\t\t\t\t\t\t\t\t\t\t<div class=\"td-content-wrapper\"><div class=\"td-content\">\n\t\t\t\t\t\t\t\t\t\t\t\t\t\t\t\t\t\t\t\t\t\t\t\t\t<\/div><\/div>\n\t\t\t\t\t\t\t\t\t\t\t<\/td>\n\t\t\t\t\t\t\t\t\t\t\t\t\t\t\t\t\t\t\t\t\t\t\t\t\t\t<\/tr>\n\t\t\t        \t\t\t    <\/tbody>\n\t\t\t<\/table>\n\t\t<\/div>\n\t  \t\t\t\t\t<\/div>\n\t\t<div class=\"elementor-element elementor-element-2debf20 e-con-full e-flex e-con e-child\" data-id=\"2debf20\" data-element_type=\"container\">\n\t\t\t\t<div class=\"elementor-element elementor-element-eb5b5f7 elementor-widget elementor-widget-heading\" data-id=\"eb5b5f7\" data-element_type=\"widget\" data-widget_type=\"heading.default\">\n\t\t\t\t\t<h2 class=\"elementor-heading-title elementor-size-default\">Begonvil Bed<\/h2>\t\t\t\t<\/div>\n\t\t\t\t<div class=\"elementor-element elementor-element-f6f1b86 elementor-widget__width-inherit elementor-widget-mobile__width-inherit elementor-invisible elementor-widget elementor-widget-heading\" data-id=\"f6f1b86\" data-element_type=\"widget\" data-settings=\"{&quot;_animation&quot;:&quot;fadeInUp&quot;}\" data-widget_type=\"heading.default\">\n\t\t\t\t\t<p class=\"elementor-heading-title elementor-size-default\">Inspired by nature, its serene character creates a peaceful atmosphere in the bedroom. Its design makes it easy to leave the day's fatigue behind, offering a comfortable and balanced rest experience.<\/p>\t\t\t\t<\/div>\n\t\t\t\t<\/div>\n\t\t\t\t<\/div>\n\t\t\t\t<div class=\"elementor-element elementor-element-e3eb51f elementor-widget elementor-widget-gallery\" data-id=\"e3eb51f\" data-element_type=\"widget\" data-settings=\"{&quot;aspect_ratio&quot;:&quot;4:3&quot;,&quot;gap&quot;:{&quot;unit&quot;:&quot;px&quot;,&quot;size&quot;:19,&quot;sizes&quot;:[]},&quot;lazyload&quot;:&quot;yes&quot;,&quot;gallery_layout&quot;:&quot;grid&quot;,&quot;columns&quot;:4,&quot;columns_tablet&quot;:2,&quot;columns_mobile&quot;:1,&quot;gap_tablet&quot;:{&quot;unit&quot;:&quot;px&quot;,&quot;size&quot;:10,&quot;sizes&quot;:[]},&quot;gap_mobile&quot;:{&quot;unit&quot;:&quot;px&quot;,&quot;size&quot;:10,&quot;sizes&quot;:[]},&quot;link_to&quot;:&quot;file&quot;,&quot;overlay_background&quot;:&quot;yes&quot;,&quot;content_hover_animation&quot;:&quot;fade-in&quot;}\" data-widget_type=\"gallery.default\">\n\t\t\t\t\t\t\t<div class=\"elementor-gallery__container\">\n\t\t\t\t\t\t\t<a class=\"e-gallery-item elementor-gallery-item elementor-animated-content\" href=\"https:\/\/turkmenmobilya.com\/wp-content\/uploads\/2026\/01\/begonvil-yatak-baza4288-copy.jpg\" data-elementor-open-lightbox=\"yes\" data-elementor-lightbox-slideshow=\"e3eb51f\" data-elementor-lightbox-title=\"begonvil yatak baza4288 copy\" data-e-action-hash=\"#elementor-action%3Aaction%3Dlightbox%26settings%3DeyJpZCI6NjYxNiwidXJsIjoiaHR0cHM6XC9cL3R1cmttZW5tb2JpbHlhLmNvbVwvd3AtY29udGVudFwvdXBsb2Fkc1wvMjAyNlwvMDFcL2JlZ29udmlsLXlhdGFrLWJhemE0Mjg4LWNvcHkuanBnIiwic2xpZGVzaG93IjoiZTNlYjUxZiJ9\">\n\t\t\t\t\t<div class=\"e-gallery-image elementor-gallery-item__image\" data-thumbnail=\"https:\/\/turkmenmobilya.com\/wp-content\/uploads\/2026\/01\/begonvil-yatak-baza4288-copy-300x200.jpg\" data-width=\"300\" data-height=\"200\" aria-label=\"\" role=\"img\" ><\/div>\n\t\t\t\t\t\t\t\t\t\t\t<div class=\"elementor-gallery-item__overlay\"><\/div>\n\t\t\t\t\t\t\t\t\t\t\t\t\t\t<\/a>\n\t\t\t\t\t\t\t<a class=\"e-gallery-item elementor-gallery-item elementor-animated-content\" href=\"https:\/\/turkmenmobilya.com\/wp-content\/uploads\/2026\/01\/begonvil-yatak-baza4301-copy.jpg\" data-elementor-open-lightbox=\"yes\" data-elementor-lightbox-slideshow=\"e3eb51f\" data-elementor-lightbox-title=\"begonvil yatak baza4301 copy\" data-e-action-hash=\"#elementor-action%3Aaction%3Dlightbox%26settings%3DeyJpZCI6NjYzNCwidXJsIjoiaHR0cHM6XC9cL3R1cmttZW5tb2JpbHlhLmNvbVwvd3AtY29udGVudFwvdXBsb2Fkc1wvMjAyNlwvMDFcL2JlZ29udmlsLXlhdGFrLWJhemE0MzAxLWNvcHkuanBnIiwic2xpZGVzaG93IjoiZTNlYjUxZiJ9\">\n\t\t\t\t\t<div class=\"e-gallery-image elementor-gallery-item__image\" data-thumbnail=\"https:\/\/turkmenmobilya.com\/wp-content\/uploads\/2026\/01\/begonvil-yatak-baza4301-copy-300x211.jpg\" data-width=\"300\" data-height=\"211\" aria-label=\"\" role=\"img\" ><\/div>\n\t\t\t\t\t\t\t\t\t\t\t<div class=\"elementor-gallery-item__overlay\"><\/div>\n\t\t\t\t\t\t\t\t\t\t\t\t\t\t<\/a>\n\t\t\t\t\t\t\t<a class=\"e-gallery-item elementor-gallery-item elementor-animated-content\" href=\"https:\/\/turkmenmobilya.com\/wp-content\/uploads\/2026\/01\/begonvil-yatak-baza4280-copy.jpg\" data-elementor-open-lightbox=\"yes\" data-elementor-lightbox-slideshow=\"e3eb51f\" data-elementor-lightbox-title=\"begonvil yatak baza4280 copy\" data-e-action-hash=\"#elementor-action%3Aaction%3Dlightbox%26settings%3DeyJpZCI6NjYxMCwidXJsIjoiaHR0cHM6XC9cL3R1cmttZW5tb2JpbHlhLmNvbVwvd3AtY29udGVudFwvdXBsb2Fkc1wvMjAyNlwvMDFcL2JlZ29udmlsLXlhdGFrLWJhemE0MjgwLWNvcHkuanBnIiwic2xpZGVzaG93IjoiZTNlYjUxZiJ9\">\n\t\t\t\t\t<div class=\"e-gallery-image elementor-gallery-item__image\" data-thumbnail=\"https:\/\/turkmenmobilya.com\/wp-content\/uploads\/2026\/01\/begonvil-yatak-baza4280-copy-300x200.jpg\" data-width=\"300\" data-height=\"200\" aria-label=\"\" role=\"img\" ><\/div>\n\t\t\t\t\t\t\t\t\t\t\t<div class=\"elementor-gallery-item__overlay\"><\/div>\n\t\t\t\t\t\t\t\t\t\t\t\t\t\t<\/a>\n\t\t\t\t\t\t\t<a class=\"e-gallery-item elementor-gallery-item elementor-animated-content\" href=\"https:\/\/turkmenmobilya.com\/wp-content\/uploads\/2026\/01\/begonvil-yatak-baza4282-copy.jpg\" data-elementor-open-lightbox=\"yes\" data-elementor-lightbox-slideshow=\"e3eb51f\" data-elementor-lightbox-title=\"begonvil yatak baza4282 copy\" data-e-action-hash=\"#elementor-action%3Aaction%3Dlightbox%26settings%3DeyJpZCI6NjYxMywidXJsIjoiaHR0cHM6XC9cL3R1cmttZW5tb2JpbHlhLmNvbVwvd3AtY29udGVudFwvdXBsb2Fkc1wvMjAyNlwvMDFcL2JlZ29udmlsLXlhdGFrLWJhemE0MjgyLWNvcHkuanBnIiwic2xpZGVzaG93IjoiZTNlYjUxZiJ9\">\n\t\t\t\t\t<div class=\"e-gallery-image elementor-gallery-item__image\" data-thumbnail=\"https:\/\/turkmenmobilya.com\/wp-content\/uploads\/2026\/01\/begonvil-yatak-baza4282-copy-300x200.jpg\" data-width=\"300\" data-height=\"200\" aria-label=\"\" role=\"img\" ><\/div>\n\t\t\t\t\t\t\t\t\t\t\t<div class=\"elementor-gallery-item__overlay\"><\/div>\n\t\t\t\t\t\t\t\t\t\t\t\t\t\t<\/a>\n\t\t\t\t\t\t\t<a class=\"e-gallery-item elementor-gallery-item elementor-animated-content\" href=\"https:\/\/turkmenmobilya.com\/wp-content\/uploads\/2026\/01\/begonvil-yatak-baza4292-copy.jpg\" data-elementor-open-lightbox=\"yes\" data-elementor-lightbox-slideshow=\"e3eb51f\" data-elementor-lightbox-title=\"begonvil yatak baza4292 copy\" data-e-action-hash=\"#elementor-action%3Aaction%3Dlightbox%26settings%3DeyJpZCI6NjYxOSwidXJsIjoiaHR0cHM6XC9cL3R1cmttZW5tb2JpbHlhLmNvbVwvd3AtY29udGVudFwvdXBsb2Fkc1wvMjAyNlwvMDFcL2JlZ29udmlsLXlhdGFrLWJhemE0MjkyLWNvcHkuanBnIiwic2xpZGVzaG93IjoiZTNlYjUxZiJ9\">\n\t\t\t\t\t<div class=\"e-gallery-image elementor-gallery-item__image\" data-thumbnail=\"https:\/\/turkmenmobilya.com\/wp-content\/uploads\/2026\/01\/begonvil-yatak-baza4292-copy-300x235.jpg\" data-width=\"300\" data-height=\"235\" aria-label=\"\" role=\"img\" ><\/div>\n\t\t\t\t\t\t\t\t\t\t\t<div class=\"elementor-gallery-item__overlay\"><\/div>\n\t\t\t\t\t\t\t\t\t\t\t\t\t\t<\/a>\n\t\t\t\t\t\t\t<a class=\"e-gallery-item elementor-gallery-item elementor-animated-content\" href=\"https:\/\/turkmenmobilya.com\/wp-content\/uploads\/2026\/01\/begonvil-yatak-baza4293-copy.jpg\" data-elementor-open-lightbox=\"yes\" data-elementor-lightbox-slideshow=\"e3eb51f\" data-elementor-lightbox-title=\"begonvil yatak baza4293 copy\" data-e-action-hash=\"#elementor-action%3Aaction%3Dlightbox%26settings%3DeyJpZCI6NjYyMiwidXJsIjoiaHR0cHM6XC9cL3R1cmttZW5tb2JpbHlhLmNvbVwvd3AtY29udGVudFwvdXBsb2Fkc1wvMjAyNlwvMDFcL2JlZ29udmlsLXlhdGFrLWJhemE0MjkzLWNvcHkuanBnIiwic2xpZGVzaG93IjoiZTNlYjUxZiJ9\">\n\t\t\t\t\t<div class=\"e-gallery-image elementor-gallery-item__image\" data-thumbnail=\"https:\/\/turkmenmobilya.com\/wp-content\/uploads\/2026\/01\/begonvil-yatak-baza4293-copy-300x200.jpg\" data-width=\"300\" data-height=\"200\" aria-label=\"\" role=\"img\" ><\/div>\n\t\t\t\t\t\t\t\t\t\t\t<div class=\"elementor-gallery-item__overlay\"><\/div>\n\t\t\t\t\t\t\t\t\t\t\t\t\t\t<\/a>\n\t\t\t\t\t\t\t<a class=\"e-gallery-item elementor-gallery-item elementor-animated-content\" href=\"https:\/\/turkmenmobilya.com\/wp-content\/uploads\/2026\/01\/begonvil-yatak-baza4294-copy.jpg\" data-elementor-open-lightbox=\"yes\" data-elementor-lightbox-slideshow=\"e3eb51f\" data-elementor-lightbox-title=\"begonvil yatak baza4294 copy\" data-e-action-hash=\"#elementor-action%3Aaction%3Dlightbox%26settings%3DeyJpZCI6NjYyNSwidXJsIjoiaHR0cHM6XC9cL3R1cmttZW5tb2JpbHlhLmNvbVwvd3AtY29udGVudFwvdXBsb2Fkc1wvMjAyNlwvMDFcL2JlZ29udmlsLXlhdGFrLWJhemE0Mjk0LWNvcHkuanBnIiwic2xpZGVzaG93IjoiZTNlYjUxZiJ9\">\n\t\t\t\t\t<div class=\"e-gallery-image elementor-gallery-item__image\" data-thumbnail=\"https:\/\/turkmenmobilya.com\/wp-content\/uploads\/2026\/01\/begonvil-yatak-baza4294-copy-300x200.jpg\" data-width=\"300\" data-height=\"200\" aria-label=\"\" role=\"img\" ><\/div>\n\t\t\t\t\t\t\t\t\t\t\t<div class=\"elementor-gallery-item__overlay\"><\/div>\n\t\t\t\t\t\t\t\t\t\t\t\t\t\t<\/a>\n\t\t\t\t\t\t\t<a class=\"e-gallery-item elementor-gallery-item elementor-animated-content\" href=\"https:\/\/turkmenmobilya.com\/wp-content\/uploads\/2026\/01\/begonvil-yatak-baza4295-copy-scaled.jpg\" data-elementor-open-lightbox=\"yes\" data-elementor-lightbox-slideshow=\"e3eb51f\" data-elementor-lightbox-title=\"begonvil yatak baza4295 copy\" data-e-action-hash=\"#elementor-action%3Aaction%3Dlightbox%26settings%3DeyJpZCI6NjYyOCwidXJsIjoiaHR0cHM6XC9cL3R1cmttZW5tb2JpbHlhLmNvbVwvd3AtY29udGVudFwvdXBsb2Fkc1wvMjAyNlwvMDFcL2JlZ29udmlsLXlhdGFrLWJhemE0Mjk1LWNvcHktc2NhbGVkLmpwZyIsInNsaWRlc2hvdyI6ImUzZWI1MWYifQ%3D%3D\">\n\t\t\t\t\t<div class=\"e-gallery-image elementor-gallery-item__image\" data-thumbnail=\"https:\/\/turkmenmobilya.com\/wp-content\/uploads\/2026\/01\/begonvil-yatak-baza4295-copy-200x300.jpg\" data-width=\"200\" data-height=\"300\" aria-label=\"\" role=\"img\" ><\/div>\n\t\t\t\t\t\t\t\t\t\t\t<div class=\"elementor-gallery-item__overlay\"><\/div>\n\t\t\t\t\t\t\t\t\t\t\t\t\t\t<\/a>\n\t\t\t\t\t\t\t<a class=\"e-gallery-item elementor-gallery-item elementor-animated-content\" href=\"https:\/\/turkmenmobilya.com\/wp-content\/uploads\/2026\/01\/begonvil-yatak-baza4297-copy.jpg\" data-elementor-open-lightbox=\"yes\" data-elementor-lightbox-slideshow=\"e3eb51f\" data-elementor-lightbox-title=\"begonvil yatak baza4297 copy\" data-e-action-hash=\"#elementor-action%3Aaction%3Dlightbox%26settings%3DeyJpZCI6NjYzMSwidXJsIjoiaHR0cHM6XC9cL3R1cmttZW5tb2JpbHlhLmNvbVwvd3AtY29udGVudFwvdXBsb2Fkc1wvMjAyNlwvMDFcL2JlZ29udmlsLXlhdGFrLWJhemE0Mjk3LWNvcHkuanBnIiwic2xpZGVzaG93IjoiZTNlYjUxZiJ9\">\n\t\t\t\t\t<div class=\"e-gallery-image elementor-gallery-item__image\" data-thumbnail=\"https:\/\/turkmenmobilya.com\/wp-content\/uploads\/2026\/01\/begonvil-yatak-baza4297-copy-300x200.jpg\" data-width=\"300\" data-height=\"200\" aria-label=\"\" role=\"img\" ><\/div>\n\t\t\t\t\t\t\t\t\t\t\t<div class=\"elementor-gallery-item__overlay\"><\/div>\n\t\t\t\t\t\t\t\t\t\t\t\t\t\t<\/a>\n\t\t\t\t\t\t\t<a class=\"e-gallery-item elementor-gallery-item elementor-animated-content\" href=\"https:\/\/turkmenmobilya.com\/wp-content\/uploads\/2026\/01\/begonvil-yatak-baza4304-copy-scaled.jpg\" data-elementor-open-lightbox=\"yes\" data-elementor-lightbox-slideshow=\"e3eb51f\" data-elementor-lightbox-title=\"begonvil yatak baza4304 copy\" data-e-action-hash=\"#elementor-action%3Aaction%3Dlightbox%26settings%3DeyJpZCI6NjYzOCwidXJsIjoiaHR0cHM6XC9cL3R1cmttZW5tb2JpbHlhLmNvbVwvd3AtY29udGVudFwvdXBsb2Fkc1wvMjAyNlwvMDFcL2JlZ29udmlsLXlhdGFrLWJhemE0MzA0LWNvcHktc2NhbGVkLmpwZyIsInNsaWRlc2hvdyI6ImUzZWI1MWYifQ%3D%3D\">\n\t\t\t\t\t<div class=\"e-gallery-image elementor-gallery-item__image\" data-thumbnail=\"https:\/\/turkmenmobilya.com\/wp-content\/uploads\/2026\/01\/begonvil-yatak-baza4304-copy-200x300.jpg\" data-width=\"200\" data-height=\"300\" aria-label=\"\" role=\"img\" ><\/div>\n\t\t\t\t\t\t\t\t\t\t\t<div class=\"elementor-gallery-item__overlay\"><\/div>\n\t\t\t\t\t\t\t\t\t\t\t\t\t\t<\/a>\n\t\t\t\t\t\t\t<a class=\"e-gallery-item elementor-gallery-item elementor-animated-content\" href=\"https:\/\/turkmenmobilya.com\/wp-content\/uploads\/2026\/01\/begonvil-yatak-baza4306-copy.jpg\" data-elementor-open-lightbox=\"yes\" data-elementor-lightbox-slideshow=\"e3eb51f\" data-elementor-lightbox-title=\"begonvil yatak baza4306 copy\" data-e-action-hash=\"#elementor-action%3Aaction%3Dlightbox%26settings%3DeyJpZCI6NjY0MSwidXJsIjoiaHR0cHM6XC9cL3R1cmttZW5tb2JpbHlhLmNvbVwvd3AtY29udGVudFwvdXBsb2Fkc1wvMjAyNlwvMDFcL2JlZ29udmlsLXlhdGFrLWJhemE0MzA2LWNvcHkuanBnIiwic2xpZGVzaG93IjoiZTNlYjUxZiJ9\">\n\t\t\t\t\t<div class=\"e-gallery-image elementor-gallery-item__image\" data-thumbnail=\"https:\/\/turkmenmobilya.com\/wp-content\/uploads\/2026\/01\/begonvil-yatak-baza4306-copy-300x200.jpg\" data-width=\"300\" data-height=\"200\" aria-label=\"\" role=\"img\" ><\/div>\n\t\t\t\t\t\t\t\t\t\t\t<div class=\"elementor-gallery-item__overlay\"><\/div>\n\t\t\t\t\t\t\t\t\t\t\t\t\t\t<\/a>\n\t\t\t\t\t\t\t<a class=\"e-gallery-item elementor-gallery-item elementor-animated-content\" href=\"https:\/\/turkmenmobilya.com\/wp-content\/uploads\/2026\/01\/begonvil-yatak-baza4307-copy.jpg\" data-elementor-open-lightbox=\"yes\" data-elementor-lightbox-slideshow=\"e3eb51f\" data-elementor-lightbox-title=\"begonvil yatak baza4307 copy\" data-e-action-hash=\"#elementor-action%3Aaction%3Dlightbox%26settings%3DeyJpZCI6NjY0NCwidXJsIjoiaHR0cHM6XC9cL3R1cmttZW5tb2JpbHlhLmNvbVwvd3AtY29udGVudFwvdXBsb2Fkc1wvMjAyNlwvMDFcL2JlZ29udmlsLXlhdGFrLWJhemE0MzA3LWNvcHkuanBnIiwic2xpZGVzaG93IjoiZTNlYjUxZiJ9\">\n\t\t\t\t\t<div class=\"e-gallery-image elementor-gallery-item__image\" data-thumbnail=\"https:\/\/turkmenmobilya.com\/wp-content\/uploads\/2026\/01\/begonvil-yatak-baza4307-copy-300x200.jpg\" data-width=\"300\" data-height=\"200\" aria-label=\"\" role=\"img\" ><\/div>\n\t\t\t\t\t\t\t\t\t\t\t<div class=\"elementor-gallery-item__overlay\"><\/div>\n\t\t\t\t\t\t\t\t\t\t\t\t\t\t<\/a>\n\t\t\t\t\t<\/div>\n\t\t\t\t\t<\/div>\n\t\t\t\t\t<\/div>\n\t\t\t\t<\/div>\n\t\t\t\t<\/div>\n\t\t","protected":false},"excerpt":{"rendered":"<p>MOD\u00dcL\/MODULE B\/L D\/W Y\/H YTK\/BED CBM(M3) \u00dc\u00c7L\u00dc \/ SOFA \u0130K\u0130L\u0130\/LOVESEAT TEKL\u0130\/CHAIR OPEN WIDE BED Begonvil Bed Inspired by nature, its serene character creates a peaceful atmosphere in the bedroom. Its design makes it easy to leave the day&#8217;s fatigue behind, offering a comfortable and balanced rest experience.<\/p>\n","protected":false},"author":1,"featured_media":0,"parent":0,"menu_order":0,"comment_status":"closed","ping_status":"closed","template":"","meta":{"footnotes":""},"class_list":["post-9427","page","type-page","status-publish","hentry"],"_links":{"self":[{"href":"https:\/\/turkmenmobilya.com\/en\/wp-json\/wp\/v2\/pages\/9427","targetHints":{"allow":["GET"]}}],"collection":[{"href":"https:\/\/turkmenmobilya.com\/en\/wp-json\/wp\/v2\/pages"}],"about":[{"href":"https:\/\/turkmenmobilya.com\/en\/wp-json\/wp\/v2\/types\/page"}],"author":[{"embeddable":true,"href":"https:\/\/turkmenmobilya.com\/en\/wp-json\/wp\/v2\/users\/1"}],"replies":[{"embeddable":true,"href":"https:\/\/turkmenmobilya.com\/en\/wp-json\/wp\/v2\/comments?post=9427"}],"version-history":[{"count":1,"href":"https:\/\/turkmenmobilya.com\/en\/wp-json\/wp\/v2\/pages\/9427\/revisions"}],"predecessor-version":[{"id":9428,"href":"https:\/\/turkmenmobilya.com\/en\/wp-json\/wp\/v2\/pages\/9427\/revisions\/9428"}],"wp:attachment":[{"href":"https:\/\/turkmenmobilya.com\/en\/wp-json\/wp\/v2\/media?parent=9427"}],"curies":[{"name":"wp","href":"https:\/\/api.w.org\/{rel}","templated":true}]}}